{"id":116,"date":"2023-11-27T21:00:08","date_gmt":"2023-11-28T00:00:08","guid":{"rendered":"https:\/\/manoslibresvillegas.com\/?post_type=product&#038;p=116"},"modified":"2023-11-28T01:02:00","modified_gmt":"2023-11-28T04:02:00","slug":"auriculares-i12-airpods-bluetooth","status":"publish","type":"product","link":"https:\/\/manoslibresvillegas.com\/index.php\/product\/auriculares-i12-airpods-bluetooth\/","title":{"rendered":"AURICULAR I12 AIRPODS BLUETOOTH"},"content":{"rendered":"<p>Caracter\u00edsticas:<br \/>\nSonido Est\u00e9reo.<br \/>\nBluetooth 5.0.<br \/>\nControl T\u00e1ctil.<br \/>\nReproductor de M\u00fasica y Manos libres.<br \/>\nPeso del auricular 5 g.<br \/>\nEstuche Conector Lightning, bot\u00f3n de reset, LED informativo.<br \/>\nBateria: de 1,5 a 2 hs de duraci\u00f3n.<br \/>\nANDROID \/ IOS<br \/>\n<strong>CONSULTAR DISPONIBILIDAD DE COLORES<\/strong><\/p>\n","protected":false},"excerpt":{"rendered":"<p>Caracter\u00edsticas: Sonido Est\u00e9reo. Bluetooth 5.0. Control T\u00e1ctil. Reproductor de M\u00fasica y Manos libres. Peso del auricular 5 g. Estuche Conector Lightning, bot\u00f3n de reset, LED informativo. Bateria: de 1,5 a 2 hs de duraci\u00f3n. ANDROID \/ IOS CONSULTAR DISPONIBILIDAD DE COLORES<\/p>\n","protected":false},"featured_media":117,"comment_status":"open","ping_status":"closed","template":"","meta":{"site-sidebar-layout":"default","site-content-layout":"","ast-site-content-layout":"default","site-content-style":"default","site-sidebar-style":"default","ast-global-header-display":"","ast-banner-title-visibility":"","ast-main-header-display":"","ast-hfb-above-header-display":"","ast-hfb-below-header-display":"","ast-hfb-mobile-header-display":"","site-post-title":"","ast-breadcrumbs-content":"","ast-featured-img":"","footer-sml-layout":"","theme-transparent-header-meta":"default","adv-header-id-meta":"","stick-header-meta":"","header-above-stick-meta":"","header-main-stick-meta":"","header-below-stick-meta":"","astra-migrate-meta-layouts":"set","ast-page-background-enabled":"default","ast-page-background-meta":{"desktop":{"background-color":"var(--ast-global-color-4)","background-image":"","background-repeat":"repeat","background-position":"center center","background-size":"auto","background-attachment":"scroll","background-type":"","background-media":"","overlay-type":"","overlay-color":"","overlay-gradient":""},"tablet":{"background-color":"","background-image":"","background-repeat":"repeat","background-position":"center center","background-size":"auto","background-attachment":"scroll","background-type":"","background-media":"","overlay-type":"","overlay-color":"","overlay-gradient":""},"mobile":{"background-color":"","background-image":"","background-repeat":"repeat","background-position":"center center","background-size":"auto","background-attachment":"scroll","background-type":"","background-media":"","overlay-type":"","overlay-color":"","overlay-gradient":""}},"ast-content-background-meta":{"desktop":{"background-color":"var(--ast-global-color-5)","background-image":"","background-repeat":"repeat","background-position":"center center","background-size":"auto","background-attachment":"scroll","background-type":"","background-media":"","overlay-type":"","overlay-color":"","overlay-gradient":""},"tablet":{"background-color":"var(--ast-global-color-5)","background-image":"","background-repeat":"repeat","background-position":"center center","background-size":"auto","background-attachment":"scroll","background-type":"","background-media":"","overlay-type":"","overlay-color":"","overlay-gradient":""},"mobile":{"background-color":"var(--ast-global-color-5)","background-image":"","background-repeat":"repeat","background-position":"center center","background-size":"auto","background-attachment":"scroll","background-type":"","background-media":"","overlay-type":"","overlay-color":"","overlay-gradient":""}}},"product_cat":[19],"product_tag":[34,21,47],"jetpack_sharing_enabled":true,"_links":{"self":[{"href":"https:\/\/manoslibresvillegas.com\/index.php\/wp-json\/wp\/v2\/product\/116"}],"collection":[{"href":"https:\/\/manoslibresvillegas.com\/index.php\/wp-json\/wp\/v2\/product"}],"about":[{"href":"https:\/\/manoslibresvillegas.com\/index.php\/wp-json\/wp\/v2\/types\/product"}],"replies":[{"embeddable":true,"href":"https:\/\/manoslibresvillegas.com\/index.php\/wp-json\/wp\/v2\/comments?post=116"}],"wp:featuredmedia":[{"embeddable":true,"href":"https:\/\/manoslibresvillegas.com\/index.php\/wp-json\/wp\/v2\/media\/117"}],"wp:attachment":[{"href":"https:\/\/manoslibresvillegas.com\/index.php\/wp-json\/wp\/v2\/media?parent=116"}],"wp:term":[{"taxonomy":"product_cat","embeddable":true,"href":"https:\/\/manoslibresvillegas.com\/index.php\/wp-json\/wp\/v2\/product_cat?post=116"},{"taxonomy":"product_tag","embeddable":true,"href":"https:\/\/manoslibresvillegas.com\/index.php\/wp-json\/wp\/v2\/product_tag?post=116"}],"curies":[{"name":"wp","href":"https:\/\/api.w.org\/{rel}","templated":true}]}}