{"id":139,"date":"2023-11-29T13:04:37","date_gmt":"2023-11-29T16:04:37","guid":{"rendered":"https:\/\/manoslibresvillegas.com\/?post_type=product&#038;p=139"},"modified":"2023-11-29T13:04:37","modified_gmt":"2023-11-29T16:04:37","slug":"auricular-gamer-pc-rgb-konigsaigg-k8005","status":"publish","type":"product","link":"https:\/\/manoslibresvillegas.com\/index.php\/product\/auricular-gamer-pc-rgb-konigsaigg-k8005\/","title":{"rendered":"AURICULAR GAMER PC RGB KONIGSAIGG K8005"},"content":{"rendered":"<p>El aud\u00edfono KONIGSAIGG K8005 gamer micr\u00f3fono es un excelente auricular para el jugador que busca un sonido de juego extraordinario. Su aspecto sigiloso se centra en el jugador en el centro de atenci\u00f3n. Los auriculares est\u00e1n dise\u00f1ados para un sonido base v\u00edvido y est\u00e1n equipados con una verdadera cancelaci\u00f3n de ruido.<\/p>\n<p>Caracter\u00edsticas:<br \/>\nAlmohadillas de grado profesional<br \/>\nRuido reducido<br \/>\nControl de volumen de juegos y chat<br \/>\nMicr\u00f3fono de brazo ajustable<br \/>\nAdecuado para juegos en l\u00ednea.<br \/>\nCreado para una mejor experiencia de calidad de audio en el juego<br \/>\nDise\u00f1o y color de edici\u00f3n limitada.<br \/>\nC\u00f3modos cojines.<br \/>\nLongitud de cable de auriculares: 1.8m<br \/>\nRespuesta de frecuencia: 20KHz<\/p>\n","protected":false},"excerpt":{"rendered":"<p>El aud\u00edfono KONIGSAIGG K8005 gamer micr\u00f3fono es un excelente auricular para el jugador que busca un sonido de juego extraordinario. Su aspecto sigiloso se centra en el jugador en el centro de atenci\u00f3n. Los auriculares est\u00e1n dise\u00f1ados para un sonido base v\u00edvido y est\u00e1n equipados con una verdadera cancelaci\u00f3n de ruido. Caracter\u00edsticas: Almohadillas de grado &hellip;<\/p>\n<p class=\"read-more\"> <a class=\"\" href=\"https:\/\/manoslibresvillegas.com\/index.php\/product\/auricular-gamer-pc-rgb-konigsaigg-k8005\/\"> <span class=\"screen-reader-text\">AURICULAR GAMER PC RGB KONIGSAIGG K8005<\/span> Leer m\u00e1s &raquo;<\/a><\/p>\n","protected":false},"featured_media":140,"comment_status":"open","ping_status":"closed","template":"","meta":{"site-sidebar-layout":"default","site-content-layout":"","ast-site-content-layout":"default","site-content-style":"default","site-sidebar-style":"default","ast-global-header-display":"","ast-banner-title-visibility":"","ast-main-header-display":"","ast-hfb-above-header-display":"","ast-hfb-below-header-display":"","ast-hfb-mobile-header-display":"","site-post-title":"","ast-breadcrumbs-content":"","ast-featured-img":"","footer-sml-layout":"","theme-transparent-header-meta":"default","adv-header-id-meta":"","stick-header-meta":"","header-above-stick-meta":"","header-main-stick-meta":"","header-below-stick-meta":"","astra-migrate-meta-layouts":"set","ast-page-background-enabled":"default","ast-page-background-meta":{"desktop":{"background-color":"var(--ast-global-color-4)","background-image":"","background-repeat":"repeat","background-position":"center center","background-size":"auto","background-attachment":"scroll","background-type":"","background-media":"","overlay-type":"","overlay-color":"","overlay-gradient":""},"tablet":{"background-color":"","background-image":"","background-repeat":"repeat","background-position":"center center","background-size":"auto","background-attachment":"scroll","background-type":"","background-media":"","overlay-type":"","overlay-color":"","overlay-gradient":""},"mobile":{"background-color":"","background-image":"","background-repeat":"repeat","background-position":"center center","background-size":"auto","background-attachment":"scroll","background-type":"","background-media":"","overlay-type":"","overlay-color":"","overlay-gradient":""}},"ast-content-background-meta":{"desktop":{"background-color":"var(--ast-global-color-5)","background-image":"","background-repeat":"repeat","background-position":"center center","background-size":"auto","background-attachment":"scroll","background-type":"","background-media":"","overlay-type":"","overlay-color":"","overlay-gradient":""},"tablet":{"background-color":"var(--ast-global-color-5)","background-image":"","background-repeat":"repeat","background-position":"center center","background-size":"auto","background-attachment":"scroll","background-type":"","background-media":"","overlay-type":"","overlay-color":"","overlay-gradient":""},"mobile":{"background-color":"var(--ast-global-color-5)","background-image":"","background-repeat":"repeat","background-position":"center center","background-size":"auto","background-attachment":"scroll","background-type":"","background-media":"","overlay-type":"","overlay-color":"","overlay-gradient":""}}},"product_cat":[19],"product_tag":[28,45,53],"jetpack_sharing_enabled":true,"_links":{"self":[{"href":"https:\/\/manoslibresvillegas.com\/index.php\/wp-json\/wp\/v2\/product\/139"}],"collection":[{"href":"https:\/\/manoslibresvillegas.com\/index.php\/wp-json\/wp\/v2\/product"}],"about":[{"href":"https:\/\/manoslibresvillegas.com\/index.php\/wp-json\/wp\/v2\/types\/product"}],"replies":[{"embeddable":true,"href":"https:\/\/manoslibresvillegas.com\/index.php\/wp-json\/wp\/v2\/comments?post=139"}],"wp:featuredmedia":[{"embeddable":true,"href":"https:\/\/manoslibresvillegas.com\/index.php\/wp-json\/wp\/v2\/media\/140"}],"wp:attachment":[{"href":"https:\/\/manoslibresvillegas.com\/index.php\/wp-json\/wp\/v2\/media?parent=139"}],"wp:term":[{"taxonomy":"product_cat","embeddable":true,"href":"https:\/\/manoslibresvillegas.com\/index.php\/wp-json\/wp\/v2\/product_cat?post=139"},{"taxonomy":"product_tag","embeddable":true,"href":"https:\/\/manoslibresvillegas.com\/index.php\/wp-json\/wp\/v2\/product_tag?post=139"}],"curies":[{"name":"wp","href":"https:\/\/api.w.org\/{rel}","templated":true}]}}