{"id":141,"date":"2023-11-29T13:13:18","date_gmt":"2023-11-29T16:13:18","guid":{"rendered":"https:\/\/manoslibresvillegas.com\/?post_type=product&#038;p=141"},"modified":"2023-11-29T13:13:18","modified_gmt":"2023-11-29T16:13:18","slug":"auricular-lightning-con-bluetooth","status":"publish","type":"product","link":"https:\/\/manoslibresvillegas.com\/index.php\/product\/auricular-lightning-con-bluetooth\/","title":{"rendered":"AURICULAR LIGHTNING CON BLUETOOTH"},"content":{"rendered":"<p>Auricular Earpods Lightning Iphone 5,6,7 y 8<br \/>\n&#8211; El cable da energia al auricular siempre conectado y conectas la musica via bluetooth desde tu celular<br \/>\n&#8211; Dise\u00f1ados por Apple<br \/>\n&#8211; Bajos m\u00e1s profundos y con m\u00e1s matices<br \/>\n&#8211; Mayor protecci\u00f3n contra el agua y el sudor<br \/>\n&#8211; Controla la reproducci\u00f3n de m\u00fasica y v\u00eddeo<br \/>\n&#8211; Responde y cuelga llamada<br \/>\n&#8211; EarPods con conector Lightning<\/p>\n","protected":false},"excerpt":{"rendered":"<p>Auricular Earpods Lightning Iphone 5,6,7 y 8 &#8211; El cable da energia al auricular siempre conectado y conectas la musica via bluetooth desde tu celular &#8211; Dise\u00f1ados por Apple &#8211; Bajos m\u00e1s profundos y con m\u00e1s matices &#8211; Mayor protecci\u00f3n contra el agua y el sudor &#8211; Controla la reproducci\u00f3n de m\u00fasica y v\u00eddeo &#8211; &hellip;<\/p>\n<p class=\"read-more\"> <a class=\"\" href=\"https:\/\/manoslibresvillegas.com\/index.php\/product\/auricular-lightning-con-bluetooth\/\"> <span class=\"screen-reader-text\">AURICULAR LIGHTNING CON BLUETOOTH<\/span> Leer m\u00e1s &raquo;<\/a><\/p>\n","protected":false},"featured_media":142,"comment_status":"open","ping_status":"closed","template":"","meta":{"site-sidebar-layout":"default","site-content-layout":"","ast-site-content-layout":"default","site-content-style":"default","site-sidebar-style":"default","ast-global-header-display":"","ast-banner-title-visibility":"","ast-main-header-display":"","ast-hfb-above-header-display":"","ast-hfb-below-header-display":"","ast-hfb-mobile-header-display":"","site-post-title":"","ast-breadcrumbs-content":"","ast-featured-img":"","footer-sml-layout":"","theme-transparent-header-meta":"default","adv-header-id-meta":"","stick-header-meta":"","header-above-stick-meta":"","header-main-stick-meta":"","header-below-stick-meta":"","astra-migrate-meta-layouts":"set","ast-page-background-enabled":"default","ast-page-background-meta":{"desktop":{"background-color":"var(--ast-global-color-4)","background-image":"","background-repeat":"repeat","background-position":"center center","background-size":"auto","background-attachment":"scroll","background-type":"","background-media":"","overlay-type":"","overlay-color":"","overlay-gradient":""},"tablet":{"background-color":"","background-image":"","background-repeat":"repeat","background-position":"center center","background-size":"auto","background-attachment":"scroll","background-type":"","background-media":"","overlay-type":"","overlay-color":"","overlay-gradient":""},"mobile":{"background-color":"","background-image":"","background-repeat":"repeat","background-position":"center center","background-size":"auto","background-attachment":"scroll","background-type":"","background-media":"","overlay-type":"","overlay-color":"","overlay-gradient":""}},"ast-content-background-meta":{"desktop":{"background-color":"var(--ast-global-color-5)","background-image":"","background-repeat":"repeat","background-position":"center center","background-size":"auto","background-attachment":"scroll","background-type":"","background-media":"","overlay-type":"","overlay-color":"","overlay-gradient":""},"tablet":{"background-color":"var(--ast-global-color-5)","background-image":"","background-repeat":"repeat","background-position":"center center","background-size":"auto","background-attachment":"scroll","background-type":"","background-media":"","overlay-type":"","overlay-color":"","overlay-gradient":""},"mobile":{"background-color":"var(--ast-global-color-5)","background-image":"","background-repeat":"repeat","background-position":"center center","background-size":"auto","background-attachment":"scroll","background-type":"","background-media":"","overlay-type":"","overlay-color":"","overlay-gradient":""}}},"product_cat":[19],"product_tag":[34,28,49],"jetpack_sharing_enabled":true,"_links":{"self":[{"href":"https:\/\/manoslibresvillegas.com\/index.php\/wp-json\/wp\/v2\/product\/141"}],"collection":[{"href":"https:\/\/manoslibresvillegas.com\/index.php\/wp-json\/wp\/v2\/product"}],"about":[{"href":"https:\/\/manoslibresvillegas.com\/index.php\/wp-json\/wp\/v2\/types\/product"}],"replies":[{"embeddable":true,"href":"https:\/\/manoslibresvillegas.com\/index.php\/wp-json\/wp\/v2\/comments?post=141"}],"wp:featuredmedia":[{"embeddable":true,"href":"https:\/\/manoslibresvillegas.com\/index.php\/wp-json\/wp\/v2\/media\/142"}],"wp:attachment":[{"href":"https:\/\/manoslibresvillegas.com\/index.php\/wp-json\/wp\/v2\/media?parent=141"}],"wp:term":[{"taxonomy":"product_cat","embeddable":true,"href":"https:\/\/manoslibresvillegas.com\/index.php\/wp-json\/wp\/v2\/product_cat?post=141"},{"taxonomy":"product_tag","embeddable":true,"href":"https:\/\/manoslibresvillegas.com\/index.php\/wp-json\/wp\/v2\/product_tag?post=141"}],"curies":[{"name":"wp","href":"https:\/\/api.w.org\/{rel}","templated":true}]}}