{"id":171,"date":"2023-12-27T20:10:34","date_gmt":"2023-12-27T23:10:34","guid":{"rendered":"https:\/\/manoslibresvillegas.com\/?post_type=product&#038;p=171"},"modified":"2023-12-27T20:10:34","modified_gmt":"2023-12-27T23:10:34","slug":"auricular-vincha-p-ps4-pc-con-microfono","status":"publish","type":"product","link":"https:\/\/manoslibresvillegas.com\/index.php\/product\/auricular-vincha-p-ps4-pc-con-microfono\/","title":{"rendered":"AURICULAR VINCHA P\/ PS4-PC CON MICROFONO"},"content":{"rendered":"<p>DESCRIPCI\u00d3N<br \/>\n&#8211; Se conecta directamente a su controlador de playstation.<br \/>\n-Controles de volumen<br \/>\n-Dise\u00f1o c\u00f3modo \/ ajustable.<br \/>\n-Micr\u00f3fono con cancelaci\u00f3n de ruido.<br \/>\n-Largo del cable 1.3m.<\/p>\n<p>Los auriculares para juegos para PS4 le brindan el sonido m\u00e1s n\u00edtido y claro para su juego en l\u00ednea. Permiti\u00e9ndole hacer estrategias con sus compa\u00f1eros de equipo, oponentes de juego, o simplemente conversar con sus amigos mientras juega sus juegos favoritos. El auricular se conecta directamente al controlador PS4 para facilitar su uso.<br \/>\nLo que permite crear estrategias con sus compa\u00f1eros de equipo, opositores basura charla, o simplemente charlar con amigos mientras juega sus juegos favoritos. El auricular se conecta directamente al controlador.<\/p>\n","protected":false},"excerpt":{"rendered":"<p>DESCRIPCI\u00d3N &#8211; Se conecta directamente a su controlador de playstation. -Controles de volumen -Dise\u00f1o c\u00f3modo \/ ajustable. -Micr\u00f3fono con cancelaci\u00f3n de ruido. -Largo del cable 1.3m. Los auriculares para juegos para PS4 le brindan el sonido m\u00e1s n\u00edtido y claro para su juego en l\u00ednea. Permiti\u00e9ndole hacer estrategias con sus compa\u00f1eros de equipo, oponentes de &hellip;<\/p>\n<p class=\"read-more\"> <a class=\"\" href=\"https:\/\/manoslibresvillegas.com\/index.php\/product\/auricular-vincha-p-ps4-pc-con-microfono\/\"> <span class=\"screen-reader-text\">AURICULAR VINCHA P\/ PS4-PC CON MICROFONO<\/span> Leer m\u00e1s &raquo;<\/a><\/p>\n","protected":false},"featured_media":172,"comment_status":"open","ping_status":"closed","template":"","meta":{"site-sidebar-layout":"default","site-content-layout":"","ast-site-content-layout":"default","site-content-style":"default","site-sidebar-style":"default","ast-global-header-display":"","ast-banner-title-visibility":"","ast-main-header-display":"","ast-hfb-above-header-display":"","ast-hfb-below-header-display":"","ast-hfb-mobile-header-display":"","site-post-title":"","ast-breadcrumbs-content":"","ast-featured-img":"","footer-sml-layout":"","theme-transparent-header-meta":"default","adv-header-id-meta":"","stick-header-meta":"","header-above-stick-meta":"","header-main-stick-meta":"","header-below-stick-meta":"","astra-migrate-meta-layouts":"set","ast-page-background-enabled":"default","ast-page-background-meta":{"desktop":{"background-color":"var(--ast-global-color-4)","background-image":"","background-repeat":"repeat","background-position":"center center","background-size":"auto","background-attachment":"scroll","background-type":"","background-media":"","overlay-type":"","overlay-color":"","overlay-gradient":""},"tablet":{"background-color":"","background-image":"","background-repeat":"repeat","background-position":"center center","background-size":"auto","background-attachment":"scroll","background-type":"","background-media":"","overlay-type":"","overlay-color":"","overlay-gradient":""},"mobile":{"background-color":"","background-image":"","background-repeat":"repeat","background-position":"center center","background-size":"auto","background-attachment":"scroll","background-type":"","background-media":"","overlay-type":"","overlay-color":"","overlay-gradient":""}},"ast-content-background-meta":{"desktop":{"background-color":"var(--ast-global-color-5)","background-image":"","background-repeat":"repeat","background-position":"center center","background-size":"auto","background-attachment":"scroll","background-type":"","background-media":"","overlay-type":"","overlay-color":"","overlay-gradient":""},"tablet":{"background-color":"var(--ast-global-color-5)","background-image":"","background-repeat":"repeat","background-position":"center center","background-size":"auto","background-attachment":"scroll","background-type":"","background-media":"","overlay-type":"","overlay-color":"","overlay-gradient":""},"mobile":{"background-color":"var(--ast-global-color-5)","background-image":"","background-repeat":"repeat","background-position":"center center","background-size":"auto","background-attachment":"scroll","background-type":"","background-media":"","overlay-type":"","overlay-color":"","overlay-gradient":""}}},"product_cat":[19],"product_tag":[28,45,46,58],"jetpack_sharing_enabled":true,"_links":{"self":[{"href":"https:\/\/manoslibresvillegas.com\/index.php\/wp-json\/wp\/v2\/product\/171"}],"collection":[{"href":"https:\/\/manoslibresvillegas.com\/index.php\/wp-json\/wp\/v2\/product"}],"about":[{"href":"https:\/\/manoslibresvillegas.com\/index.php\/wp-json\/wp\/v2\/types\/product"}],"replies":[{"embeddable":true,"href":"https:\/\/manoslibresvillegas.com\/index.php\/wp-json\/wp\/v2\/comments?post=171"}],"wp:featuredmedia":[{"embeddable":true,"href":"https:\/\/manoslibresvillegas.com\/index.php\/wp-json\/wp\/v2\/media\/172"}],"wp:attachment":[{"href":"https:\/\/manoslibresvillegas.com\/index.php\/wp-json\/wp\/v2\/media?parent=171"}],"wp:term":[{"taxonomy":"product_cat","embeddable":true,"href":"https:\/\/manoslibresvillegas.com\/index.php\/wp-json\/wp\/v2\/product_cat?post=171"},{"taxonomy":"product_tag","embeddable":true,"href":"https:\/\/manoslibresvillegas.com\/index.php\/wp-json\/wp\/v2\/product_tag?post=171"}],"curies":[{"name":"wp","href":"https:\/\/api.w.org\/{rel}","templated":true}]}}