{"id":173,"date":"2023-12-27T20:18:05","date_gmt":"2023-12-27T23:18:05","guid":{"rendered":"https:\/\/manoslibresvillegas.com\/?post_type=product&#038;p=173"},"modified":"2023-12-27T20:18:06","modified_gmt":"2023-12-27T23:18:06","slug":"auricular-tipo-c-puxida-c-51","status":"publish","type":"product","link":"https:\/\/manoslibresvillegas.com\/index.php\/product\/auricular-tipo-c-puxida-c-51\/","title":{"rendered":"Auricular Tipo C Puxida C-51"},"content":{"rendered":"<p>Auricular Tipo C Puxida C-51 Compatible con Samsung Motorola<br \/>\nObt\u00e9n la experiencia de audio de un estudio donde sea que escuches<br \/>\nSonido equilibrado que es m\u00fasica para tus o\u00eddos<br \/>\nDise\u00f1ado para una experiencia auditiva sencilla y c\u00f3moda<br \/>\nCada auricular est\u00e1 dise\u00f1ado con materiales livianos para que lo sientas c\u00f3modo en los o\u00eddos y puedas desconectarte del mundo con tu m\u00fasica. Adem\u00e1s, el cable de tela evita que los auriculares se enreden en el bolso o el bolsillo.<br \/>\nSonido<br \/>\nAltavoz<br \/>\n2 v\u00edas (11 mm\/8 mm)<br \/>\nImpedancia<br \/>\n32<br \/>\nRespuesta de Frecuencia<br \/>\n20 20kHz<br \/>\nSensibilidad<br \/>\n94.3 3dB (-10dBFS input)<br \/>\nCaracter\u00edsticas Generales<br \/>\nCancelaci\u00f3n de Ruido Activo<br \/>\nInteligente<br \/>\n1 bot\u00f3n deslizable para subir el volumen (REW) y bajar el volumen (FF), 1 bot\u00f3n para reproducir (pausar, llamada)<br \/>\nMicr\u00f3fono<br \/>\nS\u00ed<\/p>\n<p>Funciones de Llamado<br \/>\nRecepci\u00f3n de Llamadas<br \/>\nS\u00ed<br \/>\nFunci\u00f3n Silenciar\/Rechazar<br \/>\nS\u00ed<br \/>\nConectividad<br \/>\nTipo de Cable<br \/>\nCable de tela<br \/>\nEspecificaci\u00f3n F\u00edsicas<br \/>\nPeso<br \/>\n18.35 g<br \/>\nCompabilidad<br \/>\nTodos los dispositivos m\u00f3viles de Samsung Motorola Huawie Xiaomi que no tienen un conector de 3.5 mm<\/p>\n","protected":false},"excerpt":{"rendered":"<p>Auricular Tipo C Puxida C-51 Compatible con Samsung Motorola Obt\u00e9n la experiencia de audio de un estudio donde sea que escuches Sonido equilibrado que es m\u00fasica para tus o\u00eddos Dise\u00f1ado para una experiencia auditiva sencilla y c\u00f3moda Cada auricular est\u00e1 dise\u00f1ado con materiales livianos para que lo sientas c\u00f3modo en los o\u00eddos y puedas desconectarte &hellip;<\/p>\n<p class=\"read-more\"> <a class=\"\" href=\"https:\/\/manoslibresvillegas.com\/index.php\/product\/auricular-tipo-c-puxida-c-51\/\"> <span class=\"screen-reader-text\">Auricular Tipo C Puxida C-51<\/span> Leer m\u00e1s &raquo;<\/a><\/p>\n","protected":false},"featured_media":174,"comment_status":"open","ping_status":"closed","template":"","meta":{"site-sidebar-layout":"default","site-content-layout":"","ast-site-content-layout":"default","site-content-style":"default","site-sidebar-style":"default","ast-global-header-display":"","ast-banner-title-visibility":"","ast-main-header-display":"","ast-hfb-above-header-display":"","ast-hfb-below-header-display":"","ast-hfb-mobile-header-display":"","site-post-title":"","ast-breadcrumbs-content":"","ast-featured-img":"","footer-sml-layout":"","theme-transparent-header-meta":"default","adv-header-id-meta":"","stick-header-meta":"","header-above-stick-meta":"","header-main-stick-meta":"","header-below-stick-meta":"","astra-migrate-meta-layouts":"set","ast-page-background-enabled":"default","ast-page-background-meta":{"desktop":{"background-color":"var(--ast-global-color-4)","background-image":"","background-repeat":"repeat","background-position":"center center","background-size":"auto","background-attachment":"scroll","background-type":"","background-media":"","overlay-type":"","overlay-color":"","overlay-gradient":""},"tablet":{"background-color":"","background-image":"","background-repeat":"repeat","background-position":"center center","background-size":"auto","background-attachment":"scroll","background-type":"","background-media":"","overlay-type":"","overlay-color":"","overlay-gradient":""},"mobile":{"background-color":"","background-image":"","background-repeat":"repeat","background-position":"center center","background-size":"auto","background-attachment":"scroll","background-type":"","background-media":"","overlay-type":"","overlay-color":"","overlay-gradient":""}},"ast-content-background-meta":{"desktop":{"background-color":"var(--ast-global-color-5)","background-image":"","background-repeat":"repeat","background-position":"center center","background-size":"auto","background-attachment":"scroll","background-type":"","background-media":"","overlay-type":"","overlay-color":"","overlay-gradient":""},"tablet":{"background-color":"var(--ast-global-color-5)","background-image":"","background-repeat":"repeat","background-position":"center center","background-size":"auto","background-attachment":"scroll","background-type":"","background-media":"","overlay-type":"","overlay-color":"","overlay-gradient":""},"mobile":{"background-color":"var(--ast-global-color-5)","background-image":"","background-repeat":"repeat","background-position":"center center","background-size":"auto","background-attachment":"scroll","background-type":"","background-media":"","overlay-type":"","overlay-color":"","overlay-gradient":""}}},"product_cat":[16],"product_tag":[28,27,56,59,61,60],"jetpack_sharing_enabled":true,"_links":{"self":[{"href":"https:\/\/manoslibresvillegas.com\/index.php\/wp-json\/wp\/v2\/product\/173"}],"collection":[{"href":"https:\/\/manoslibresvillegas.com\/index.php\/wp-json\/wp\/v2\/product"}],"about":[{"href":"https:\/\/manoslibresvillegas.com\/index.php\/wp-json\/wp\/v2\/types\/product"}],"replies":[{"embeddable":true,"href":"https:\/\/manoslibresvillegas.com\/index.php\/wp-json\/wp\/v2\/comments?post=173"}],"wp:featuredmedia":[{"embeddable":true,"href":"https:\/\/manoslibresvillegas.com\/index.php\/wp-json\/wp\/v2\/media\/174"}],"wp:attachment":[{"href":"https:\/\/manoslibresvillegas.com\/index.php\/wp-json\/wp\/v2\/media?parent=173"}],"wp:term":[{"taxonomy":"product_cat","embeddable":true,"href":"https:\/\/manoslibresvillegas.com\/index.php\/wp-json\/wp\/v2\/product_cat?post=173"},{"taxonomy":"product_tag","embeddable":true,"href":"https:\/\/manoslibresvillegas.com\/index.php\/wp-json\/wp\/v2\/product_tag?post=173"}],"curies":[{"name":"wp","href":"https:\/\/api.w.org\/{rel}","templated":true}]}}