{"id":176,"date":"2023-12-27T20:54:35","date_gmt":"2023-12-27T23:54:35","guid":{"rendered":"https:\/\/manoslibresvillegas.com\/?post_type=product&#038;p=176"},"modified":"2023-12-27T20:54:35","modified_gmt":"2023-12-27T23:54:35","slug":"auriculares-bluetooth-xiaomi-buds-3-lite","status":"publish","type":"product","link":"https:\/\/manoslibresvillegas.com\/index.php\/product\/auriculares-bluetooth-xiaomi-buds-3-lite\/","title":{"rendered":"AURICULARES BLUETOOTH XIAOMI BUDS 3 LITE"},"content":{"rendered":"<p class=\"ui-pdp-description__content\">Redmi Buds 3 Lite, los nuevos y econ\u00f3micos auriculares inal\u00e1mbricos de Xiaomi con nuevo dise\u00f1o de alas flexibles Cat Ear para un ajuste c\u00f3modo y seguro<br \/>\nNuevo dise\u00f1o Cat Ear \u2013 Ajuste seguro y c\u00f3modo \u2013 Calidad de sonido superior \u2013 Controlador de 6 mm \u2013 Bluetooth 5.2 \u2013 Conexi\u00f3n sencilla e instant\u00e1nea \u2013 Hasta 18 horas de autonom\u00eda total \u2013 Resistencia al polvo y sapicaduras de agua IP54<\/p>\n<p>\u00a1Siente el ritmo con los Redmi Buds 3 Lite! El nuevo modelo de auriculares inal\u00e1mbricos TWS de Xiaomi, dise\u00f1ados de principio a fin para que disfrutes de una calidad de sonido superior y un ajuste seguro y c\u00f3modo. Ahora con Bluetooth 5.2, conexi\u00f3n instant\u00e1nea, hasta 18 horas de autonom\u00eda y resistencia al agua y al polvo IP54.<\/p>\n","protected":false},"excerpt":{"rendered":"<p>Redmi Buds 3 Lite, los nuevos y econ\u00f3micos auriculares inal\u00e1mbricos de Xiaomi con nuevo dise\u00f1o de alas flexibles Cat Ear para un ajuste c\u00f3modo y seguro Nuevo dise\u00f1o Cat Ear \u2013 Ajuste seguro y c\u00f3modo \u2013 Calidad de sonido superior \u2013 Controlador de 6 mm \u2013 Bluetooth 5.2 \u2013 Conexi\u00f3n sencilla e instant\u00e1nea \u2013 Hasta &hellip;<\/p>\n<p class=\"read-more\"> <a class=\"\" href=\"https:\/\/manoslibresvillegas.com\/index.php\/product\/auriculares-bluetooth-xiaomi-buds-3-lite\/\"> <span class=\"screen-reader-text\">AURICULARES BLUETOOTH XIAOMI BUDS 3 LITE<\/span> Leer m\u00e1s &raquo;<\/a><\/p>\n","protected":false},"featured_media":178,"comment_status":"open","ping_status":"closed","template":"","meta":{"site-sidebar-layout":"default","site-content-layout":"","ast-site-content-layout":"default","site-content-style":"default","site-sidebar-style":"default","ast-global-header-display":"","ast-banner-title-visibility":"","ast-main-header-display":"","ast-hfb-above-header-display":"","ast-hfb-below-header-display":"","ast-hfb-mobile-header-display":"","site-post-title":"","ast-breadcrumbs-content":"","ast-featured-img":"","footer-sml-layout":"","theme-transparent-header-meta":"default","adv-header-id-meta":"","stick-header-meta":"","header-above-stick-meta":"","header-main-stick-meta":"","header-below-stick-meta":"","astra-migrate-meta-layouts":"set","ast-page-background-enabled":"default","ast-page-background-meta":{"desktop":{"background-color":"var(--ast-global-color-4)","background-image":"","background-repeat":"repeat","background-position":"center center","background-size":"auto","background-attachment":"scroll","background-type":"","background-media":"","overlay-type":"","overlay-color":"","overlay-gradient":""},"tablet":{"background-color":"","background-image":"","background-repeat":"repeat","background-position":"center center","background-size":"auto","background-attachment":"scroll","background-type":"","background-media":"","overlay-type":"","overlay-color":"","overlay-gradient":""},"mobile":{"background-color":"","background-image":"","background-repeat":"repeat","background-position":"center center","background-size":"auto","background-attachment":"scroll","background-type":"","background-media":"","overlay-type":"","overlay-color":"","overlay-gradient":""}},"ast-content-background-meta":{"desktop":{"background-color":"var(--ast-global-color-5)","background-image":"","background-repeat":"repeat","background-position":"center center","background-size":"auto","background-attachment":"scroll","background-type":"","background-media":"","overlay-type":"","overlay-color":"","overlay-gradient":""},"tablet":{"background-color":"var(--ast-global-color-5)","background-image":"","background-repeat":"repeat","background-position":"center center","background-size":"auto","background-attachment":"scroll","background-type":"","background-media":"","overlay-type":"","overlay-color":"","overlay-gradient":""},"mobile":{"background-color":"var(--ast-global-color-5)","background-image":"","background-repeat":"repeat","background-position":"center center","background-size":"auto","background-attachment":"scroll","background-type":"","background-media":"","overlay-type":"","overlay-color":"","overlay-gradient":""}}},"product_cat":[16],"product_tag":[34,20,62],"jetpack_sharing_enabled":true,"_links":{"self":[{"href":"https:\/\/manoslibresvillegas.com\/index.php\/wp-json\/wp\/v2\/product\/176"}],"collection":[{"href":"https:\/\/manoslibresvillegas.com\/index.php\/wp-json\/wp\/v2\/product"}],"about":[{"href":"https:\/\/manoslibresvillegas.com\/index.php\/wp-json\/wp\/v2\/types\/product"}],"replies":[{"embeddable":true,"href":"https:\/\/manoslibresvillegas.com\/index.php\/wp-json\/wp\/v2\/comments?post=176"}],"wp:featuredmedia":[{"embeddable":true,"href":"https:\/\/manoslibresvillegas.com\/index.php\/wp-json\/wp\/v2\/media\/178"}],"wp:attachment":[{"href":"https:\/\/manoslibresvillegas.com\/index.php\/wp-json\/wp\/v2\/media?parent=176"}],"wp:term":[{"taxonomy":"product_cat","embeddable":true,"href":"https:\/\/manoslibresvillegas.com\/index.php\/wp-json\/wp\/v2\/product_cat?post=176"},{"taxonomy":"product_tag","embeddable":true,"href":"https:\/\/manoslibresvillegas.com\/index.php\/wp-json\/wp\/v2\/product_tag?post=176"}],"curies":[{"name":"wp","href":"https:\/\/api.w.org\/{rel}","templated":true}]}}