{"id":202,"date":"2024-01-03T19:01:07","date_gmt":"2024-01-03T22:01:07","guid":{"rendered":"https:\/\/manoslibresvillegas.com\/?post_type=product&#038;p=202"},"modified":"2024-01-03T19:01:07","modified_gmt":"2024-01-03T22:01:07","slug":"auricular-inalambrico-unicornio","status":"publish","type":"product","link":"https:\/\/manoslibresvillegas.com\/index.php\/product\/auricular-inalambrico-unicornio\/","title":{"rendered":"AURICULAR INALAMBRICO UNICORNIO"},"content":{"rendered":"<p>Auriculares unicornio<\/p>\n<p>Divertidos y tiernos Auriculares super originales y llamativos con hermoso dise\u00f1o de felpa en color arco\u00edris en la vincha.<\/p>\n<p>Excelente calidad de sonido. Sistema de audio Stereo. Ideales para el invierno.<\/p>\n<p>C\u00f3modos y ligeros, con orejeras suaves sobre las orejas, tambi\u00e9n pueden reducir eficazmente la interferencia del ruido y disfrutar de un sonido est\u00e9reo de alta calidad. Equipados con un cable plano de 1.10 mts de largo.<\/p>\n<p>Ideal para Usar en la Computadora, Celular, Mp3 o cualquier otro dispositivo con conexion Plug 3.5 mm.<\/p>\n<p>DATOS TECNICOS:<\/p>\n<p>&#8211; Largo de Cable: 1.10 mts<br \/>\n&#8211; Conexion Plug 3.5mm a cualquier celular o Tablet<br \/>\n&#8211; Cable de 1,12m de longitud<br \/>\n&#8211; Sensibilidad: 106dB<br \/>\n&#8211; Impedancia: 32+\/-3db<\/p>\n","protected":false},"excerpt":{"rendered":"<p>Auriculares unicornio Divertidos y tiernos Auriculares super originales y llamativos con hermoso dise\u00f1o de felpa en color arco\u00edris en la vincha. Excelente calidad de sonido. Sistema de audio Stereo. Ideales para el invierno. C\u00f3modos y ligeros, con orejeras suaves sobre las orejas, tambi\u00e9n pueden reducir eficazmente la interferencia del ruido y disfrutar de un sonido &hellip;<\/p>\n<p class=\"read-more\"> <a class=\"\" href=\"https:\/\/manoslibresvillegas.com\/index.php\/product\/auricular-inalambrico-unicornio\/\"> <span class=\"screen-reader-text\">AURICULAR INALAMBRICO UNICORNIO<\/span> Leer m\u00e1s &raquo;<\/a><\/p>\n","protected":false},"featured_media":203,"comment_status":"open","ping_status":"closed","template":"","meta":{"site-sidebar-layout":"default","site-content-layout":"","ast-site-content-layout":"default","site-content-style":"default","site-sidebar-style":"default","ast-global-header-display":"","ast-banner-title-visibility":"","ast-main-header-display":"","ast-hfb-above-header-display":"","ast-hfb-below-header-display":"","ast-hfb-mobile-header-display":"","site-post-title":"","ast-breadcrumbs-content":"","ast-featured-img":"","footer-sml-layout":"","theme-transparent-header-meta":"default","adv-header-id-meta":"","stick-header-meta":"","header-above-stick-meta":"","header-main-stick-meta":"","header-below-stick-meta":"","astra-migrate-meta-layouts":"set","ast-page-background-enabled":"default","ast-page-background-meta":{"desktop":{"background-color":"var(--ast-global-color-4)","background-image":"","background-repeat":"repeat","background-position":"center center","background-size":"auto","background-attachment":"scroll","background-type":"","background-media":"","overlay-type":"","overlay-color":"","overlay-gradient":""},"tablet":{"background-color":"","background-image":"","background-repeat":"repeat","background-position":"center center","background-size":"auto","background-attachment":"scroll","background-type":"","background-media":"","overlay-type":"","overlay-color":"","overlay-gradient":""},"mobile":{"background-color":"","background-image":"","background-repeat":"repeat","background-position":"center center","background-size":"auto","background-attachment":"scroll","background-type":"","background-media":"","overlay-type":"","overlay-color":"","overlay-gradient":""}},"ast-content-background-meta":{"desktop":{"background-color":"var(--ast-global-color-5)","background-image":"","background-repeat":"repeat","background-position":"center center","background-size":"auto","background-attachment":"scroll","background-type":"","background-media":"","overlay-type":"","overlay-color":"","overlay-gradient":""},"tablet":{"background-color":"var(--ast-global-color-5)","background-image":"","background-repeat":"repeat","background-position":"center center","background-size":"auto","background-attachment":"scroll","background-type":"","background-media":"","overlay-type":"","overlay-color":"","overlay-gradient":""},"mobile":{"background-color":"var(--ast-global-color-5)","background-image":"","background-repeat":"repeat","background-position":"center center","background-size":"auto","background-attachment":"scroll","background-type":"","background-media":"","overlay-type":"","overlay-color":"","overlay-gradient":""}}},"product_cat":[19],"product_tag":[21,67,68],"jetpack_sharing_enabled":true,"_links":{"self":[{"href":"https:\/\/manoslibresvillegas.com\/index.php\/wp-json\/wp\/v2\/product\/202"}],"collection":[{"href":"https:\/\/manoslibresvillegas.com\/index.php\/wp-json\/wp\/v2\/product"}],"about":[{"href":"https:\/\/manoslibresvillegas.com\/index.php\/wp-json\/wp\/v2\/types\/product"}],"replies":[{"embeddable":true,"href":"https:\/\/manoslibresvillegas.com\/index.php\/wp-json\/wp\/v2\/comments?post=202"}],"wp:featuredmedia":[{"embeddable":true,"href":"https:\/\/manoslibresvillegas.com\/index.php\/wp-json\/wp\/v2\/media\/203"}],"wp:attachment":[{"href":"https:\/\/manoslibresvillegas.com\/index.php\/wp-json\/wp\/v2\/media?parent=202"}],"wp:term":[{"taxonomy":"product_cat","embeddable":true,"href":"https:\/\/manoslibresvillegas.com\/index.php\/wp-json\/wp\/v2\/product_cat?post=202"},{"taxonomy":"product_tag","embeddable":true,"href":"https:\/\/manoslibresvillegas.com\/index.php\/wp-json\/wp\/v2\/product_tag?post=202"}],"curies":[{"name":"wp","href":"https:\/\/api.w.org\/{rel}","templated":true}]}}