{"id":232,"date":"2024-02-17T19:38:03","date_gmt":"2024-02-17T22:38:03","guid":{"rendered":"https:\/\/manoslibresvillegas.com\/?post_type=product&#038;p=232"},"modified":"2024-02-17T19:38:03","modified_gmt":"2024-02-17T22:38:03","slug":"smartband-pulsera-infantil-solo-la-hora","status":"publish","type":"product","link":"https:\/\/manoslibresvillegas.com\/index.php\/product\/smartband-pulsera-infantil-solo-la-hora\/","title":{"rendered":"SMARTBAND PULSERA INFANTIL (SOLO LA HORA)"},"content":{"rendered":"<p>Reloj Digital Touch Pulsera Silicona Unisex<br \/>\nDescripci\u00f3n:<\/p>\n<p>&#8211; Reloj LED dise\u00f1ado tanto para mujeres como para hombres.<br \/>\n&#8211; Reloj LED personalizado, adecuado para muchas ocasiones<br \/>\n&#8211; Equipado con hora, funci\u00f3n de fecha<br \/>\n&#8211; El modo de visualizaci\u00f3n de ahorro de energ\u00eda LED es respetuoso con el medio ambiente, cambiar\u00e1 autom\u00e1ticamente al modo de pantalla en negro cuando no se solicite una verificaci\u00f3n de tiempo<br \/>\n&#8211; La banda de goma es suave al desgaste y de estructura robusta<br \/>\n&#8211; Este es un buen regalo para tus hijos y parientes y amigos que amas<\/p>\n<p>*** IMPORTANTE ***<br \/>\n\u2022 NO es un smartwatch, es un reloj digital, marca la hora y la fecha.<br \/>\n\u2022 NO es recargable, es a pilas y tienen una duraci\u00f3n de 4 a 6 meses, dependiendo del uso.<\/p>\n","protected":false},"excerpt":{"rendered":"<p>Reloj Digital Touch Pulsera Silicona Unisex Descripci\u00f3n: &#8211; Reloj LED dise\u00f1ado tanto para mujeres como para hombres. &#8211; Reloj LED personalizado, adecuado para muchas ocasiones &#8211; Equipado con hora, funci\u00f3n de fecha &#8211; El modo de visualizaci\u00f3n de ahorro de energ\u00eda LED es respetuoso con el medio ambiente, cambiar\u00e1 autom\u00e1ticamente al modo de pantalla en &hellip;<\/p>\n<p class=\"read-more\"> <a class=\"\" href=\"https:\/\/manoslibresvillegas.com\/index.php\/product\/smartband-pulsera-infantil-solo-la-hora\/\"> <span class=\"screen-reader-text\">SMARTBAND PULSERA INFANTIL (SOLO LA HORA)<\/span> Leer m\u00e1s &raquo;<\/a><\/p>\n","protected":false},"featured_media":234,"comment_status":"open","ping_status":"closed","template":"","meta":{"site-sidebar-layout":"default","site-content-layout":"","ast-site-content-layout":"default","site-content-style":"default","site-sidebar-style":"default","ast-global-header-display":"","ast-banner-title-visibility":"","ast-main-header-display":"","ast-hfb-above-header-display":"","ast-hfb-below-header-display":"","ast-hfb-mobile-header-display":"","site-post-title":"","ast-breadcrumbs-content":"","ast-featured-img":"","footer-sml-layout":"","theme-transparent-header-meta":"default","adv-header-id-meta":"","stick-header-meta":"","header-above-stick-meta":"","header-main-stick-meta":"","header-below-stick-meta":"","astra-migrate-meta-layouts":"set","ast-page-background-enabled":"default","ast-page-background-meta":{"desktop":{"background-color":"var(--ast-global-color-4)","background-image":"","background-repeat":"repeat","background-position":"center center","background-size":"auto","background-attachment":"scroll","background-type":"","background-media":"","overlay-type":"","overlay-color":"","overlay-gradient":""},"tablet":{"background-color":"","background-image":"","background-repeat":"repeat","background-position":"center center","background-size":"auto","background-attachment":"scroll","background-type":"","background-media":"","overlay-type":"","overlay-color":"","overlay-gradient":""},"mobile":{"background-color":"","background-image":"","background-repeat":"repeat","background-position":"center center","background-size":"auto","background-attachment":"scroll","background-type":"","background-media":"","overlay-type":"","overlay-color":"","overlay-gradient":""}},"ast-content-background-meta":{"desktop":{"background-color":"var(--ast-global-color-5)","background-image":"","background-repeat":"repeat","background-position":"center center","background-size":"auto","background-attachment":"scroll","background-type":"","background-media":"","overlay-type":"","overlay-color":"","overlay-gradient":""},"tablet":{"background-color":"var(--ast-global-color-5)","background-image":"","background-repeat":"repeat","background-position":"center center","background-size":"auto","background-attachment":"scroll","background-type":"","background-media":"","overlay-type":"","overlay-color":"","overlay-gradient":""},"mobile":{"background-color":"var(--ast-global-color-5)","background-image":"","background-repeat":"repeat","background-position":"center center","background-size":"auto","background-attachment":"scroll","background-type":"","background-media":"","overlay-type":"","overlay-color":"","overlay-gradient":""}}},"product_cat":[75],"product_tag":[80,79,77,76],"jetpack_sharing_enabled":true,"_links":{"self":[{"href":"https:\/\/manoslibresvillegas.com\/index.php\/wp-json\/wp\/v2\/product\/232"}],"collection":[{"href":"https:\/\/manoslibresvillegas.com\/index.php\/wp-json\/wp\/v2\/product"}],"about":[{"href":"https:\/\/manoslibresvillegas.com\/index.php\/wp-json\/wp\/v2\/types\/product"}],"replies":[{"embeddable":true,"href":"https:\/\/manoslibresvillegas.com\/index.php\/wp-json\/wp\/v2\/comments?post=232"}],"wp:featuredmedia":[{"embeddable":true,"href":"https:\/\/manoslibresvillegas.com\/index.php\/wp-json\/wp\/v2\/media\/234"}],"wp:attachment":[{"href":"https:\/\/manoslibresvillegas.com\/index.php\/wp-json\/wp\/v2\/media?parent=232"}],"wp:term":[{"taxonomy":"product_cat","embeddable":true,"href":"https:\/\/manoslibresvillegas.com\/index.php\/wp-json\/wp\/v2\/product_cat?post=232"},{"taxonomy":"product_tag","embeddable":true,"href":"https:\/\/manoslibresvillegas.com\/index.php\/wp-json\/wp\/v2\/product_tag?post=232"}],"curies":[{"name":"wp","href":"https:\/\/api.w.org\/{rel}","templated":true}]}}