{"id":241,"date":"2024-02-22T10:47:23","date_gmt":"2024-02-22T13:47:23","guid":{"rendered":"https:\/\/manoslibresvillegas.com\/?post_type=product&#038;p=241"},"modified":"2024-02-22T10:47:23","modified_gmt":"2024-02-22T13:47:23","slug":"smartwatch-foxbox-ion","status":"publish","type":"product","link":"https:\/\/manoslibresvillegas.com\/index.php\/product\/smartwatch-foxbox-ion\/","title":{"rendered":"SMARTWATCH FOXBOX ION"},"content":{"rendered":"<p>Ion Smartwatch es un reloj inteligente que ofrece una serie de funciones para mantenerse conectado, realizar un seguimiento de su actividad f\u00edsica y mejorar su salud.\u00a0Con su pantalla t\u00e1ctil, correas de silicona intercambiables y llamada BT, modos deportivos, funciones de presi\u00f3n arterial y frecuencia card\u00edaca.\u00a0El Ion Smartwatch te permite tener tu vida en tus manos.<\/p>\n<div class=\"gb-container gb-container-3f50b6bc\">\n<p class=\"gb-headline gb-headline-6a86f59a gb-headline-text\">Pantalla T\u00e1ctil\u00a0 1,80 PULGADAS HD<\/p>\n<p class=\"gb-headline gb-headline-4db11bc6 gb-headline-text\">BATER\u00cdA 220mAh<\/p>\n<p class=\"gb-headline gb-headline-e63f8ab2 gb-headline-text\">LLAMADAS PUEDES HACER LLAMADAS BLUETOOTH<\/p>\n<div class=\"gb-container gb-container-65b0ff07\">\n<p class=\"gb-headline gb-headline-dcd9db61 gb-headline-text\"><span>CARGA INALAMBRICA <\/span><span>RECARGAR SIN CONEXI\u00d3N<\/span><\/p>\n<\/div>\n<p class=\"gb-headline gb-headline-e63f8ab2 gb-headline-text\">\n<p class=\"gb-headline gb-headline-4db11bc6 gb-headline-text\">\n<p class=\"gb-headline gb-headline-6a86f59a gb-headline-text\">\n<\/div>\n<p>&nbsp;<\/p>\n","protected":false},"excerpt":{"rendered":"<p>Ion Smartwatch es un reloj inteligente que ofrece una serie de funciones para mantenerse conectado, realizar un seguimiento de su actividad f\u00edsica y mejorar su salud.\u00a0Con su pantalla t\u00e1ctil, correas de silicona intercambiables y llamada BT, modos deportivos, funciones de presi\u00f3n arterial y frecuencia card\u00edaca.\u00a0El Ion Smartwatch te permite tener tu vida en tus manos. &hellip;<\/p>\n<p class=\"read-more\"> <a class=\"\" href=\"https:\/\/manoslibresvillegas.com\/index.php\/product\/smartwatch-foxbox-ion\/\"> <span class=\"screen-reader-text\">SMARTWATCH FOXBOX ION<\/span> Leer m\u00e1s &raquo;<\/a><\/p>\n","protected":false},"featured_media":243,"comment_status":"open","ping_status":"closed","template":"","meta":{"site-sidebar-layout":"default","site-content-layout":"","ast-site-content-layout":"default","site-content-style":"default","site-sidebar-style":"default","ast-global-header-display":"","ast-banner-title-visibility":"","ast-main-header-display":"","ast-hfb-above-header-display":"","ast-hfb-below-header-display":"","ast-hfb-mobile-header-display":"","site-post-title":"","ast-breadcrumbs-content":"","ast-featured-img":"","footer-sml-layout":"","theme-transparent-header-meta":"default","adv-header-id-meta":"","stick-header-meta":"","header-above-stick-meta":"","header-main-stick-meta":"","header-below-stick-meta":"","astra-migrate-meta-layouts":"set","ast-page-background-enabled":"default","ast-page-background-meta":{"desktop":{"background-color":"var(--ast-global-color-4)","background-image":"","background-repeat":"repeat","background-position":"center center","background-size":"auto","background-attachment":"scroll","background-type":"","background-media":"","overlay-type":"","overlay-color":"","overlay-gradient":""},"tablet":{"background-color":"","background-image":"","background-repeat":"repeat","background-position":"center center","background-size":"auto","background-attachment":"scroll","background-type":"","background-media":"","overlay-type":"","overlay-color":"","overlay-gradient":""},"mobile":{"background-color":"","background-image":"","background-repeat":"repeat","background-position":"center center","background-size":"auto","background-attachment":"scroll","background-type":"","background-media":"","overlay-type":"","overlay-color":"","overlay-gradient":""}},"ast-content-background-meta":{"desktop":{"background-color":"var(--ast-global-color-5)","background-image":"","background-repeat":"repeat","background-position":"center center","background-size":"auto","background-attachment":"scroll","background-type":"","background-media":"","overlay-type":"","overlay-color":"","overlay-gradient":""},"tablet":{"background-color":"var(--ast-global-color-5)","background-image":"","background-repeat":"repeat","background-position":"center center","background-size":"auto","background-attachment":"scroll","background-type":"","background-media":"","overlay-type":"","overlay-color":"","overlay-gradient":""},"mobile":{"background-color":"var(--ast-global-color-5)","background-image":"","background-repeat":"repeat","background-position":"center center","background-size":"auto","background-attachment":"scroll","background-type":"","background-media":"","overlay-type":"","overlay-color":"","overlay-gradient":""}}},"product_cat":[75],"product_tag":[39,77,76],"jetpack_sharing_enabled":true,"_links":{"self":[{"href":"https:\/\/manoslibresvillegas.com\/index.php\/wp-json\/wp\/v2\/product\/241"}],"collection":[{"href":"https:\/\/manoslibresvillegas.com\/index.php\/wp-json\/wp\/v2\/product"}],"about":[{"href":"https:\/\/manoslibresvillegas.com\/index.php\/wp-json\/wp\/v2\/types\/product"}],"replies":[{"embeddable":true,"href":"https:\/\/manoslibresvillegas.com\/index.php\/wp-json\/wp\/v2\/comments?post=241"}],"wp:featuredmedia":[{"embeddable":true,"href":"https:\/\/manoslibresvillegas.com\/index.php\/wp-json\/wp\/v2\/media\/243"}],"wp:attachment":[{"href":"https:\/\/manoslibresvillegas.com\/index.php\/wp-json\/wp\/v2\/media?parent=241"}],"wp:term":[{"taxonomy":"product_cat","embeddable":true,"href":"https:\/\/manoslibresvillegas.com\/index.php\/wp-json\/wp\/v2\/product_cat?post=241"},{"taxonomy":"product_tag","embeddable":true,"href":"https:\/\/manoslibresvillegas.com\/index.php\/wp-json\/wp\/v2\/product_tag?post=241"}],"curies":[{"name":"wp","href":"https:\/\/api.w.org\/{rel}","templated":true}]}}