{"id":247,"date":"2024-02-22T11:32:36","date_gmt":"2024-02-22T14:32:36","guid":{"rendered":"https:\/\/manoslibresvillegas.com\/?post_type=product&#038;p=247"},"modified":"2024-02-22T11:32:36","modified_gmt":"2024-02-22T14:32:36","slug":"smartwatch-foxbox-proton","status":"publish","type":"product","link":"https:\/\/manoslibresvillegas.com\/index.php\/product\/smartwatch-foxbox-proton\/","title":{"rendered":"SMARTWATCH FOXBOX PROTON"},"content":{"rendered":"<p>Alarma, Contador de Pasos, Controlador del Sue\u00f1o, C\u00e1mara, Encontrar el Tel\u00e9fono, Frecuencia card\u00edaca, Llamadas, Modo Running, Modo Ciclismo, Modo Escalada, Modo Saltar la Soga, M\u00fasica, Notificaciones, Ox\u00edgeno en Sangre, Presi\u00f3n Arterial, Recordatorio de Sedentarismo.<\/p>\n","protected":false},"excerpt":{"rendered":"<p>Alarma, Contador de Pasos, Controlador del Sue\u00f1o, C\u00e1mara, Encontrar el Tel\u00e9fono, Frecuencia card\u00edaca, Llamadas, Modo Running, Modo Ciclismo, Modo Escalada, Modo Saltar la Soga, M\u00fasica, Notificaciones, Ox\u00edgeno en Sangre, Presi\u00f3n Arterial, Recordatorio de Sedentarismo.<\/p>\n","protected":false},"featured_media":249,"comment_status":"open","ping_status":"closed","template":"","meta":{"site-sidebar-layout":"default","site-content-layout":"","ast-site-content-layout":"default","site-content-style":"default","site-sidebar-style":"default","ast-global-header-display":"","ast-banner-title-visibility":"","ast-main-header-display":"","ast-hfb-above-header-display":"","ast-hfb-below-header-display":"","ast-hfb-mobile-header-display":"","site-post-title":"","ast-breadcrumbs-content":"","ast-featured-img":"","footer-sml-layout":"","theme-transparent-header-meta":"default","adv-header-id-meta":"","stick-header-meta":"","header-above-stick-meta":"","header-main-stick-meta":"","header-below-stick-meta":"","astra-migrate-meta-layouts":"set","ast-page-background-enabled":"default","ast-page-background-meta":{"desktop":{"background-color":"var(--ast-global-color-4)","background-image":"","background-repeat":"repeat","background-position":"center center","background-size":"auto","background-attachment":"scroll","background-type":"","background-media":"","overlay-type":"","overlay-color":"","overlay-gradient":""},"tablet":{"background-color":"","background-image":"","background-repeat":"repeat","background-position":"center center","background-size":"auto","background-attachment":"scroll","background-type":"","background-media":"","overlay-type":"","overlay-color":"","overlay-gradient":""},"mobile":{"background-color":"","background-image":"","background-repeat":"repeat","background-position":"center center","background-size":"auto","background-attachment":"scroll","background-type":"","background-media":"","overlay-type":"","overlay-color":"","overlay-gradient":""}},"ast-content-background-meta":{"desktop":{"background-color":"var(--ast-global-color-5)","background-image":"","background-repeat":"repeat","background-position":"center center","background-size":"auto","background-attachment":"scroll","background-type":"","background-media":"","overlay-type":"","overlay-color":"","overlay-gradient":""},"tablet":{"background-color":"var(--ast-global-color-5)","background-image":"","background-repeat":"repeat","background-position":"center center","background-size":"auto","background-attachment":"scroll","background-type":"","background-media":"","overlay-type":"","overlay-color":"","overlay-gradient":""},"mobile":{"background-color":"var(--ast-global-color-5)","background-image":"","background-repeat":"repeat","background-position":"center center","background-size":"auto","background-attachment":"scroll","background-type":"","background-media":"","overlay-type":"","overlay-color":"","overlay-gradient":""}}},"product_cat":[75],"product_tag":[39,77,76],"jetpack_sharing_enabled":true,"_links":{"self":[{"href":"https:\/\/manoslibresvillegas.com\/index.php\/wp-json\/wp\/v2\/product\/247"}],"collection":[{"href":"https:\/\/manoslibresvillegas.com\/index.php\/wp-json\/wp\/v2\/product"}],"about":[{"href":"https:\/\/manoslibresvillegas.com\/index.php\/wp-json\/wp\/v2\/types\/product"}],"replies":[{"embeddable":true,"href":"https:\/\/manoslibresvillegas.com\/index.php\/wp-json\/wp\/v2\/comments?post=247"}],"wp:featuredmedia":[{"embeddable":true,"href":"https:\/\/manoslibresvillegas.com\/index.php\/wp-json\/wp\/v2\/media\/249"}],"wp:attachment":[{"href":"https:\/\/manoslibresvillegas.com\/index.php\/wp-json\/wp\/v2\/media?parent=247"}],"wp:term":[{"taxonomy":"product_cat","embeddable":true,"href":"https:\/\/manoslibresvillegas.com\/index.php\/wp-json\/wp\/v2\/product_cat?post=247"},{"taxonomy":"product_tag","embeddable":true,"href":"https:\/\/manoslibresvillegas.com\/index.php\/wp-json\/wp\/v2\/product_tag?post=247"}],"curies":[{"name":"wp","href":"https:\/\/api.w.org\/{rel}","templated":true}]}}