{"id":253,"date":"2024-02-24T10:05:23","date_gmt":"2024-02-24T13:05:23","guid":{"rendered":"https:\/\/manoslibresvillegas.com\/?post_type=product&#038;p=253"},"modified":"2024-02-24T10:05:23","modified_gmt":"2024-02-24T13:05:23","slug":"smartwatch-macaron","status":"publish","type":"product","link":"https:\/\/manoslibresvillegas.com\/index.php\/product\/smartwatch-macaron\/","title":{"rendered":"SMARTWATCH MACARON"},"content":{"rendered":"<ul>\n<li>Fecha y hora<\/li>\n<li>Contador de pasos<\/li>\n<li>Distancia estimada<\/li>\n<li>Contador de calorias<\/li>\n<li>Modo multi-deporte (correr, saltar la soga, etc)<\/li>\n<li>Controlador de pulsaciones, presion sanguinea y ox\u00edgeno en sangre<\/li>\n<li>Modo de sue\u00f1o<\/li>\n<li>Alertas de notificaciones<\/li>\n<li>Clima<\/li>\n<li>Alarma<\/li>\n<li>Recordatorio de sedentarismo<\/li>\n<li>Notificaci\u00f3n de llamadas<\/li>\n<li>Boton para sacar fotos a distancia<\/li>\n<li>Buscar mi tel\u00e9fono<\/li>\n<li>Carga con USB<\/li>\n<\/ul>\n<p><strong>NO ES SUMERGIBLE<\/strong><\/p>\n","protected":false},"excerpt":{"rendered":"<p>Fecha y hora Contador de pasos Distancia estimada Contador de calorias Modo multi-deporte (correr, saltar la soga, etc) Controlador de pulsaciones, presion sanguinea y ox\u00edgeno en sangre Modo de sue\u00f1o Alertas de notificaciones Clima Alarma Recordatorio de sedentarismo Notificaci\u00f3n de llamadas Boton para sacar fotos a distancia Buscar mi tel\u00e9fono Carga con USB NO ES &hellip;<\/p>\n<p class=\"read-more\"> <a class=\"\" href=\"https:\/\/manoslibresvillegas.com\/index.php\/product\/smartwatch-macaron\/\"> <span class=\"screen-reader-text\">SMARTWATCH MACARON<\/span> Leer m\u00e1s &raquo;<\/a><\/p>\n","protected":false},"featured_media":258,"comment_status":"open","ping_status":"closed","template":"","meta":{"site-sidebar-layout":"default","site-content-layout":"","ast-site-content-layout":"default","site-content-style":"default","site-sidebar-style":"default","ast-global-header-display":"","ast-banner-title-visibility":"","ast-main-header-display":"","ast-hfb-above-header-display":"","ast-hfb-below-header-display":"","ast-hfb-mobile-header-display":"","site-post-title":"","ast-breadcrumbs-content":"","ast-featured-img":"","footer-sml-layout":"","theme-transparent-header-meta":"default","adv-header-id-meta":"","stick-header-meta":"","header-above-stick-meta":"","header-main-stick-meta":"","header-below-stick-meta":"","astra-migrate-meta-layouts":"set","ast-page-background-enabled":"default","ast-page-background-meta":{"desktop":{"background-color":"var(--ast-global-color-4)","background-image":"","background-repeat":"repeat","background-position":"center center","background-size":"auto","background-attachment":"scroll","background-type":"","background-media":"","overlay-type":"","overlay-color":"","overlay-gradient":""},"tablet":{"background-color":"","background-image":"","background-repeat":"repeat","background-position":"center center","background-size":"auto","background-attachment":"scroll","background-type":"","background-media":"","overlay-type":"","overlay-color":"","overlay-gradient":""},"mobile":{"background-color":"","background-image":"","background-repeat":"repeat","background-position":"center center","background-size":"auto","background-attachment":"scroll","background-type":"","background-media":"","overlay-type":"","overlay-color":"","overlay-gradient":""}},"ast-content-background-meta":{"desktop":{"background-color":"var(--ast-global-color-5)","background-image":"","background-repeat":"repeat","background-position":"center center","background-size":"auto","background-attachment":"scroll","background-type":"","background-media":"","overlay-type":"","overlay-color":"","overlay-gradient":""},"tablet":{"background-color":"var(--ast-global-color-5)","background-image":"","background-repeat":"repeat","background-position":"center center","background-size":"auto","background-attachment":"scroll","background-type":"","background-media":"","overlay-type":"","overlay-color":"","overlay-gradient":""},"mobile":{"background-color":"var(--ast-global-color-5)","background-image":"","background-repeat":"repeat","background-position":"center center","background-size":"auto","background-attachment":"scroll","background-type":"","background-media":"","overlay-type":"","overlay-color":"","overlay-gradient":""}}},"product_cat":[75],"product_tag":[82,77,76],"jetpack_sharing_enabled":true,"_links":{"self":[{"href":"https:\/\/manoslibresvillegas.com\/index.php\/wp-json\/wp\/v2\/product\/253"}],"collection":[{"href":"https:\/\/manoslibresvillegas.com\/index.php\/wp-json\/wp\/v2\/product"}],"about":[{"href":"https:\/\/manoslibresvillegas.com\/index.php\/wp-json\/wp\/v2\/types\/product"}],"replies":[{"embeddable":true,"href":"https:\/\/manoslibresvillegas.com\/index.php\/wp-json\/wp\/v2\/comments?post=253"}],"wp:featuredmedia":[{"embeddable":true,"href":"https:\/\/manoslibresvillegas.com\/index.php\/wp-json\/wp\/v2\/media\/258"}],"wp:attachment":[{"href":"https:\/\/manoslibresvillegas.com\/index.php\/wp-json\/wp\/v2\/media?parent=253"}],"wp:term":[{"taxonomy":"product_cat","embeddable":true,"href":"https:\/\/manoslibresvillegas.com\/index.php\/wp-json\/wp\/v2\/product_cat?post=253"},{"taxonomy":"product_tag","embeddable":true,"href":"https:\/\/manoslibresvillegas.com\/index.php\/wp-json\/wp\/v2\/product_tag?post=253"}],"curies":[{"name":"wp","href":"https:\/\/api.w.org\/{rel}","templated":true}]}}