{"id":259,"date":"2024-02-24T10:17:48","date_gmt":"2024-02-24T13:17:48","guid":{"rendered":"https:\/\/manoslibresvillegas.com\/?post_type=product&#038;p=259"},"modified":"2024-02-24T10:17:48","modified_gmt":"2024-02-24T13:17:48","slug":"smartwatch-noga-sw09","status":"publish","type":"product","link":"https:\/\/manoslibresvillegas.com\/index.php\/product\/smartwatch-noga-sw09\/","title":{"rendered":"SMARTWATCH NOGA SW09"},"content":{"rendered":"<div>El Noga Watch NG-SW09 es un Smartwatch de Tecnolog\u00eda Superior compatible con Android e iOS.<\/div>\n<div>Descargando la App &#8220;Fit Pro&#8221; a tu Celular podr\u00e1s sincronizar tu Noga Watch a trav\u00e9s de Tecnolog\u00eda Bluetooth y recibir las notificaciones de tu Celular o Tablet, y tambi\u00e9n poder detectar, registrar y evaluar tu rendimiento corporal, activar las notificaciones y mucho m\u00e1s.<\/div>\n<div>Gracias a su sensor de mu\u00f1eca, Noga Watch te permite monitorear tu actividad f\u00edsica: monitoreo de la frecuencia card\u00edaca en tiempo real, temperatura corporal, calor\u00edas, cantidad de pasos, distancia recorrida, monitoreo de sue\u00f1o, presion arterial, entre otras funciones.<\/div>\n<div>Tambi\u00e9n posee &#8220;Modo Multideporte&#8221; (medici\u00f3n de calor\u00edas y latidos por minuto por cada deporte).<\/div>\n<div>Adem\u00e1s con Noga Watch posee notificaciones &#8220;Push&#8221;: recibe llamadas de tu Celular o Tablet (mensajes de WhatsApp; etc.) con el nombre o el n\u00famero de la persona que llama. Tambi\u00e9n te brindar\u00e1 la hora y alarma.<\/div>\n<div>Su dise\u00f1o es un sobrio y moderno reloj de mu\u00f1eca.<\/div>\n<div>Constru\u00eddo en Policarbonato y Silicona que lo hace m\u00e1s durable.<\/p>\n<div>&#8211; Sensor: TLSR823<\/div>\n<div>&#8211; CPU: YC1133<\/div>\n<div>&#8211; Memoria RAM: 512KB<\/div>\n<div>&#8211; Memoria ROM: 64KB<\/div>\n<div>&#8211; Tecnolog\u00eda Inal\u00e1mbrica BT Versi\u00f3n 4.0<\/div>\n<div>&#8211; LCD: Pantalla color IPS de 1.44 pulgadas<\/div>\n<div>&#8211; Funciona con Bater\u00eda de Litio de 90 mAH<\/div>\n<div>&#8211; Sistema de Carga por Puerto USB directo que se encuentra quitando una de la mallas<\/div>\n<div>&#8211; Tiempo de recarga: 2 horas aproximadamente<\/div>\n<div>&#8211; Tiempo de uso: de 3 a 5 d\u00edas<\/div>\n<div>&#8211; Tiempo de reposo: de 7 a 10 d\u00edas<\/div>\n<div>&#8211; Compatible con Android 5.0 o superior e iOS 9.0 o superior<\/div>\n<div>&#8211; Constru\u00eddo en Policarbonato y Silicona<\/div>\n<div>&#8211; Disponible en 7 diferentes colores<\/div>\n<\/div>\n","protected":false},"excerpt":{"rendered":"<p>El Noga Watch NG-SW09 es un Smartwatch de Tecnolog\u00eda Superior compatible con Android e iOS. Descargando la App &#8220;Fit Pro&#8221; a tu Celular podr\u00e1s sincronizar tu Noga Watch a trav\u00e9s de Tecnolog\u00eda Bluetooth y recibir las notificaciones de tu Celular o Tablet, y tambi\u00e9n poder detectar, registrar y evaluar tu rendimiento corporal, activar las notificaciones &hellip;<\/p>\n<p class=\"read-more\"> <a class=\"\" href=\"https:\/\/manoslibresvillegas.com\/index.php\/product\/smartwatch-noga-sw09\/\"> <span class=\"screen-reader-text\">SMARTWATCH NOGA SW09<\/span> Leer m\u00e1s &raquo;<\/a><\/p>\n","protected":false},"featured_media":261,"comment_status":"open","ping_status":"closed","template":"","meta":{"site-sidebar-layout":"default","site-content-layout":"","ast-site-content-layout":"default","site-content-style":"default","site-sidebar-style":"default","ast-global-header-display":"","ast-banner-title-visibility":"","ast-main-header-display":"","ast-hfb-above-header-display":"","ast-hfb-below-header-display":"","ast-hfb-mobile-header-display":"","site-post-title":"","ast-breadcrumbs-content":"","ast-featured-img":"","footer-sml-layout":"","theme-transparent-header-meta":"default","adv-header-id-meta":"","stick-header-meta":"","header-above-stick-meta":"","header-main-stick-meta":"","header-below-stick-meta":"","astra-migrate-meta-layouts":"set","ast-page-background-enabled":"default","ast-page-background-meta":{"desktop":{"background-color":"var(--ast-global-color-4)","background-image":"","background-repeat":"repeat","background-position":"center center","background-size":"auto","background-attachment":"scroll","background-type":"","background-media":"","overlay-type":"","overlay-color":"","overlay-gradient":""},"tablet":{"background-color":"","background-image":"","background-repeat":"repeat","background-position":"center center","background-size":"auto","background-attachment":"scroll","background-type":"","background-media":"","overlay-type":"","overlay-color":"","overlay-gradient":""},"mobile":{"background-color":"","background-image":"","background-repeat":"repeat","background-position":"center center","background-size":"auto","background-attachment":"scroll","background-type":"","background-media":"","overlay-type":"","overlay-color":"","overlay-gradient":""}},"ast-content-background-meta":{"desktop":{"background-color":"var(--ast-global-color-5)","background-image":"","background-repeat":"repeat","background-position":"center center","background-size":"auto","background-attachment":"scroll","background-type":"","background-media":"","overlay-type":"","overlay-color":"","overlay-gradient":""},"tablet":{"background-color":"var(--ast-global-color-5)","background-image":"","background-repeat":"repeat","background-position":"center center","background-size":"auto","background-attachment":"scroll","background-type":"","background-media":"","overlay-type":"","overlay-color":"","overlay-gradient":""},"mobile":{"background-color":"var(--ast-global-color-5)","background-image":"","background-repeat":"repeat","background-position":"center center","background-size":"auto","background-attachment":"scroll","background-type":"","background-media":"","overlay-type":"","overlay-color":"","overlay-gradient":""}}},"product_cat":[75],"product_tag":[44,77,76,83],"jetpack_sharing_enabled":true,"_links":{"self":[{"href":"https:\/\/manoslibresvillegas.com\/index.php\/wp-json\/wp\/v2\/product\/259"}],"collection":[{"href":"https:\/\/manoslibresvillegas.com\/index.php\/wp-json\/wp\/v2\/product"}],"about":[{"href":"https:\/\/manoslibresvillegas.com\/index.php\/wp-json\/wp\/v2\/types\/product"}],"replies":[{"embeddable":true,"href":"https:\/\/manoslibresvillegas.com\/index.php\/wp-json\/wp\/v2\/comments?post=259"}],"wp:featuredmedia":[{"embeddable":true,"href":"https:\/\/manoslibresvillegas.com\/index.php\/wp-json\/wp\/v2\/media\/261"}],"wp:attachment":[{"href":"https:\/\/manoslibresvillegas.com\/index.php\/wp-json\/wp\/v2\/media?parent=259"}],"wp:term":[{"taxonomy":"product_cat","embeddable":true,"href":"https:\/\/manoslibresvillegas.com\/index.php\/wp-json\/wp\/v2\/product_cat?post=259"},{"taxonomy":"product_tag","embeddable":true,"href":"https:\/\/manoslibresvillegas.com\/index.php\/wp-json\/wp\/v2\/product_tag?post=259"}],"curies":[{"name":"wp","href":"https:\/\/api.w.org\/{rel}","templated":true}]}}