{"id":263,"date":"2024-02-24T10:51:10","date_gmt":"2024-02-24T13:51:10","guid":{"rendered":"https:\/\/manoslibresvillegas.com\/?post_type=product&#038;p=263"},"modified":"2024-02-24T10:51:10","modified_gmt":"2024-02-24T13:51:10","slug":"smartwatch-remax-t900xl","status":"publish","type":"product","link":"https:\/\/manoslibresvillegas.com\/index.php\/product\/smartwatch-remax-t900xl\/","title":{"rendered":"SMARTWATCH REMAX T900XL"},"content":{"rendered":"<ul>\n<li>\u00a0Impermeabilidad: No apto para nataci\u00f3n, soporta transpiraci\u00f3n, no exponer al vapor o agua caliente.<\/li>\n<li>\u00a0Notificaci\u00f3n: Notificaci\u00f3n de mensajes entrantes sincroniza desde el centro de notificaciones en su tel\u00e9fono.<\/li>\n<li>\u00a0Llamadas: Haz y responde llamadas, despu\u00e9s de conectar Bluetooth con el tel\u00e9fono inteligente.<\/li>\n<li>\u00a0Detecci\u00f3n de frecuencia card\u00edaca\/detecci\u00f3n de presi\u00f3n arterial\/detecci\u00f3n de ox\u00edgeno en sangre.<\/li>\n<li>\u00a0Monitoreo del sue\u00f1o: para registrar y analizar su estado de sue\u00f1o de forma objetiva y cient\u00edfica.<\/li>\n<li>\u00a0Pasos: Recuento de pasos, calor\u00edas, control de distancia.<\/li>\n<li>\u00a0Modos deportivos. (Correr, ciclismo, abdominales, tenis, baloncesto, v\u00f3ley, b\u00e1dminton, saltos).<\/li>\n<li>\u00a0Reproductor de m\u00fasica Bluetooth: reproductor de m\u00fasica del tel\u00e9fono con control remoto. Control de volumen.<\/li>\n<li>\u00a0C\u00e1mara Bluetooth: tel\u00e9fono m\u00f3vil de control remoto<\/li>\n<\/ul>\n<p>para tomar fotos.<\/p>\n<ul>\n<li>Encuentra el tel\u00e9fono: anti-p\u00e9rdida, suena tu tel\u00e9fono o reloj.<\/li>\n<li>\u00a0Esfera de reloj personalizada: puede cargar sus propias im\u00e1genes en el reloj.<\/li>\n<\/ul>\n","protected":false},"excerpt":{"rendered":"<p>\u00a0Impermeabilidad: No apto para nataci\u00f3n, soporta transpiraci\u00f3n, no exponer al vapor o agua caliente. \u00a0Notificaci\u00f3n: Notificaci\u00f3n de mensajes entrantes sincroniza desde el centro de notificaciones en su tel\u00e9fono. \u00a0Llamadas: Haz y responde llamadas, despu\u00e9s de conectar Bluetooth con el tel\u00e9fono inteligente. \u00a0Detecci\u00f3n de frecuencia card\u00edaca\/detecci\u00f3n de presi\u00f3n arterial\/detecci\u00f3n de ox\u00edgeno en sangre. \u00a0Monitoreo del sue\u00f1o: &hellip;<\/p>\n<p class=\"read-more\"> <a class=\"\" href=\"https:\/\/manoslibresvillegas.com\/index.php\/product\/smartwatch-remax-t900xl\/\"> <span class=\"screen-reader-text\">SMARTWATCH REMAX T900XL<\/span> Leer m\u00e1s &raquo;<\/a><\/p>\n","protected":false},"featured_media":264,"comment_status":"open","ping_status":"closed","template":"","meta":{"site-sidebar-layout":"default","site-content-layout":"","ast-site-content-layout":"default","site-content-style":"default","site-sidebar-style":"default","ast-global-header-display":"","ast-banner-title-visibility":"","ast-main-header-display":"","ast-hfb-above-header-display":"","ast-hfb-below-header-display":"","ast-hfb-mobile-header-display":"","site-post-title":"","ast-breadcrumbs-content":"","ast-featured-img":"","footer-sml-layout":"","theme-transparent-header-meta":"default","adv-header-id-meta":"","stick-header-meta":"","header-above-stick-meta":"","header-main-stick-meta":"","header-below-stick-meta":"","astra-migrate-meta-layouts":"set","ast-page-background-enabled":"default","ast-page-background-meta":{"desktop":{"background-color":"var(--ast-global-color-4)","background-image":"","background-repeat":"repeat","background-position":"center center","background-size":"auto","background-attachment":"scroll","background-type":"","background-media":"","overlay-type":"","overlay-color":"","overlay-gradient":""},"tablet":{"background-color":"","background-image":"","background-repeat":"repeat","background-position":"center center","background-size":"auto","background-attachment":"scroll","background-type":"","background-media":"","overlay-type":"","overlay-color":"","overlay-gradient":""},"mobile":{"background-color":"","background-image":"","background-repeat":"repeat","background-position":"center center","background-size":"auto","background-attachment":"scroll","background-type":"","background-media":"","overlay-type":"","overlay-color":"","overlay-gradient":""}},"ast-content-background-meta":{"desktop":{"background-color":"var(--ast-global-color-5)","background-image":"","background-repeat":"repeat","background-position":"center center","background-size":"auto","background-attachment":"scroll","background-type":"","background-media":"","overlay-type":"","overlay-color":"","overlay-gradient":""},"tablet":{"background-color":"var(--ast-global-color-5)","background-image":"","background-repeat":"repeat","background-position":"center center","background-size":"auto","background-attachment":"scroll","background-type":"","background-media":"","overlay-type":"","overlay-color":"","overlay-gradient":""},"mobile":{"background-color":"var(--ast-global-color-5)","background-image":"","background-repeat":"repeat","background-position":"center center","background-size":"auto","background-attachment":"scroll","background-type":"","background-media":"","overlay-type":"","overlay-color":"","overlay-gradient":""}}},"product_cat":[75],"product_tag":[77,85,76,84],"jetpack_sharing_enabled":true,"_links":{"self":[{"href":"https:\/\/manoslibresvillegas.com\/index.php\/wp-json\/wp\/v2\/product\/263"}],"collection":[{"href":"https:\/\/manoslibresvillegas.com\/index.php\/wp-json\/wp\/v2\/product"}],"about":[{"href":"https:\/\/manoslibresvillegas.com\/index.php\/wp-json\/wp\/v2\/types\/product"}],"replies":[{"embeddable":true,"href":"https:\/\/manoslibresvillegas.com\/index.php\/wp-json\/wp\/v2\/comments?post=263"}],"wp:featuredmedia":[{"embeddable":true,"href":"https:\/\/manoslibresvillegas.com\/index.php\/wp-json\/wp\/v2\/media\/264"}],"wp:attachment":[{"href":"https:\/\/manoslibresvillegas.com\/index.php\/wp-json\/wp\/v2\/media?parent=263"}],"wp:term":[{"taxonomy":"product_cat","embeddable":true,"href":"https:\/\/manoslibresvillegas.com\/index.php\/wp-json\/wp\/v2\/product_cat?post=263"},{"taxonomy":"product_tag","embeddable":true,"href":"https:\/\/manoslibresvillegas.com\/index.php\/wp-json\/wp\/v2\/product_tag?post=263"}],"curies":[{"name":"wp","href":"https:\/\/api.w.org\/{rel}","templated":true}]}}