{"id":280,"date":"2024-03-23T10:41:21","date_gmt":"2024-03-23T13:41:21","guid":{"rendered":"https:\/\/manoslibresvillegas.com\/?post_type=product&#038;p=280"},"modified":"2024-03-23T10:41:21","modified_gmt":"2024-03-23T13:41:21","slug":"cable-aux-iglufive-15mts","status":"publish","type":"product","link":"https:\/\/manoslibresvillegas.com\/index.php\/product\/cable-aux-iglufive-15mts\/","title":{"rendered":"CABLE AUX IGLUFIVE 1,5MTS"},"content":{"rendered":"<p>El cable auxiliar 3.5mm de igl\u00fafive te garantiza una excelente calidad de sonido, ademas su dise\u00f1o en \u00e1ngulo recto facilita su conexi\u00f3n y permite una mayor comodidad a la hora de utilizarlo.<\/p>\n<p>DESCRIPCI\u00d3N DEL PRODUCTO:<br \/>\nCable de audio<br \/>\nCompatible con dispositivos con conector de audio est\u00e1ndar de 3.5mm.<br \/>\nCable de un 1,5m<br \/>\nColores: Negro o Blanco dorado (se envia variado segun stock disponible)<\/p>\n","protected":false},"excerpt":{"rendered":"<p>El cable auxiliar 3.5mm de igl\u00fafive te garantiza una excelente calidad de sonido, ademas su dise\u00f1o en \u00e1ngulo recto facilita su conexi\u00f3n y permite una mayor comodidad a la hora de utilizarlo. DESCRIPCI\u00d3N DEL PRODUCTO: Cable de audio Compatible con dispositivos con conector de audio est\u00e1ndar de 3.5mm. Cable de un 1,5m Colores: Negro o &hellip;<\/p>\n<p class=\"read-more\"> <a class=\"\" href=\"https:\/\/manoslibresvillegas.com\/index.php\/product\/cable-aux-iglufive-15mts\/\"> <span class=\"screen-reader-text\">CABLE AUX IGLUFIVE 1,5MTS<\/span> Leer m\u00e1s &raquo;<\/a><\/p>\n","protected":false},"featured_media":281,"comment_status":"open","ping_status":"closed","template":"","meta":{"site-sidebar-layout":"default","site-content-layout":"","ast-site-content-layout":"default","site-content-style":"default","site-sidebar-style":"default","ast-global-header-display":"","ast-banner-title-visibility":"","ast-main-header-display":"","ast-hfb-above-header-display":"","ast-hfb-below-header-display":"","ast-hfb-mobile-header-display":"","site-post-title":"","ast-breadcrumbs-content":"","ast-featured-img":"","footer-sml-layout":"","theme-transparent-header-meta":"default","adv-header-id-meta":"","stick-header-meta":"","header-above-stick-meta":"","header-main-stick-meta":"","header-below-stick-meta":"","astra-migrate-meta-layouts":"set","ast-page-background-enabled":"default","ast-page-background-meta":{"desktop":{"background-color":"var(--ast-global-color-4)","background-image":"","background-repeat":"repeat","background-position":"center center","background-size":"auto","background-attachment":"scroll","background-type":"","background-media":"","overlay-type":"","overlay-color":"","overlay-gradient":""},"tablet":{"background-color":"","background-image":"","background-repeat":"repeat","background-position":"center center","background-size":"auto","background-attachment":"scroll","background-type":"","background-media":"","overlay-type":"","overlay-color":"","overlay-gradient":""},"mobile":{"background-color":"","background-image":"","background-repeat":"repeat","background-position":"center center","background-size":"auto","background-attachment":"scroll","background-type":"","background-media":"","overlay-type":"","overlay-color":"","overlay-gradient":""}},"ast-content-background-meta":{"desktop":{"background-color":"var(--ast-global-color-5)","background-image":"","background-repeat":"repeat","background-position":"center center","background-size":"auto","background-attachment":"scroll","background-type":"","background-media":"","overlay-type":"","overlay-color":"","overlay-gradient":""},"tablet":{"background-color":"var(--ast-global-color-5)","background-image":"","background-repeat":"repeat","background-position":"center center","background-size":"auto","background-attachment":"scroll","background-type":"","background-media":"","overlay-type":"","overlay-color":"","overlay-gradient":""},"mobile":{"background-color":"var(--ast-global-color-5)","background-image":"","background-repeat":"repeat","background-position":"center center","background-size":"auto","background-attachment":"scroll","background-type":"","background-media":"","overlay-type":"","overlay-color":"","overlay-gradient":""}}},"product_cat":[86],"product_tag":[99,87,94,97],"jetpack_sharing_enabled":true,"_links":{"self":[{"href":"https:\/\/manoslibresvillegas.com\/index.php\/wp-json\/wp\/v2\/product\/280"}],"collection":[{"href":"https:\/\/manoslibresvillegas.com\/index.php\/wp-json\/wp\/v2\/product"}],"about":[{"href":"https:\/\/manoslibresvillegas.com\/index.php\/wp-json\/wp\/v2\/types\/product"}],"replies":[{"embeddable":true,"href":"https:\/\/manoslibresvillegas.com\/index.php\/wp-json\/wp\/v2\/comments?post=280"}],"wp:featuredmedia":[{"embeddable":true,"href":"https:\/\/manoslibresvillegas.com\/index.php\/wp-json\/wp\/v2\/media\/281"}],"wp:attachment":[{"href":"https:\/\/manoslibresvillegas.com\/index.php\/wp-json\/wp\/v2\/media?parent=280"}],"wp:term":[{"taxonomy":"product_cat","embeddable":true,"href":"https:\/\/manoslibresvillegas.com\/index.php\/wp-json\/wp\/v2\/product_cat?post=280"},{"taxonomy":"product_tag","embeddable":true,"href":"https:\/\/manoslibresvillegas.com\/index.php\/wp-json\/wp\/v2\/product_tag?post=280"}],"curies":[{"name":"wp","href":"https:\/\/api.w.org\/{rel}","templated":true}]}}