{"id":291,"date":"2024-03-23T11:31:04","date_gmt":"2024-03-23T14:31:04","guid":{"rendered":"https:\/\/manoslibresvillegas.com\/?post_type=product&#038;p=291"},"modified":"2024-03-23T11:31:04","modified_gmt":"2024-03-23T14:31:04","slug":"cable-magnetico-usb-tipo-c-con-luz","status":"publish","type":"product","link":"https:\/\/manoslibresvillegas.com\/index.php\/product\/cable-magnetico-usb-tipo-c-con-luz\/","title":{"rendered":"CABLE MAGNETICO USB &#8211; TIPO C CON LUZ"},"content":{"rendered":"<p>Caracter\u00edsticas:<br \/>\nLargo del Cable 1M.<br \/>\nSe puede utilizar para cargar con puerto USB de PC o tambi\u00e9n conect\u00e1ndolo a 220V con cargador de pared.<br \/>\nPunta Magn\u00e9tica.<br \/>\nEl conector puede permanecer siempre en el tel\u00e9fono para proteger el puerto de polvo y suciedad.<\/p>\n<p>Reduce altamente la posibilidad de rotura del puerto del tel\u00e9fono ante la necesidad de no conectar y desconectar continuamente el cable.<\/p>\n<p>APTO PARA CARGA R\u00c1PIDA<br \/>\nNO TRANSMITE DATOS (SOLO CARGA)<\/p>\n","protected":false},"excerpt":{"rendered":"<p>Caracter\u00edsticas: Largo del Cable 1M. Se puede utilizar para cargar con puerto USB de PC o tambi\u00e9n conect\u00e1ndolo a 220V con cargador de pared. Punta Magn\u00e9tica. El conector puede permanecer siempre en el tel\u00e9fono para proteger el puerto de polvo y suciedad. Reduce altamente la posibilidad de rotura del puerto del tel\u00e9fono ante la necesidad &hellip;<\/p>\n<p class=\"read-more\"> <a class=\"\" href=\"https:\/\/manoslibresvillegas.com\/index.php\/product\/cable-magnetico-usb-tipo-c-con-luz\/\"> <span class=\"screen-reader-text\">CABLE MAGNETICO USB &#8211; TIPO C CON LUZ<\/span> Leer m\u00e1s &raquo;<\/a><\/p>\n","protected":false},"featured_media":293,"comment_status":"open","ping_status":"closed","template":"","meta":{"site-sidebar-layout":"default","site-content-layout":"","ast-site-content-layout":"default","site-content-style":"default","site-sidebar-style":"default","ast-global-header-display":"","ast-banner-title-visibility":"","ast-main-header-display":"","ast-hfb-above-header-display":"","ast-hfb-below-header-display":"","ast-hfb-mobile-header-display":"","site-post-title":"","ast-breadcrumbs-content":"","ast-featured-img":"","footer-sml-layout":"","theme-transparent-header-meta":"default","adv-header-id-meta":"","stick-header-meta":"","header-above-stick-meta":"","header-main-stick-meta":"","header-below-stick-meta":"","astra-migrate-meta-layouts":"set","ast-page-background-enabled":"default","ast-page-background-meta":{"desktop":{"background-color":"var(--ast-global-color-4)","background-image":"","background-repeat":"repeat","background-position":"center center","background-size":"auto","background-attachment":"scroll","background-type":"","background-media":"","overlay-type":"","overlay-color":"","overlay-gradient":""},"tablet":{"background-color":"","background-image":"","background-repeat":"repeat","background-position":"center center","background-size":"auto","background-attachment":"scroll","background-type":"","background-media":"","overlay-type":"","overlay-color":"","overlay-gradient":""},"mobile":{"background-color":"","background-image":"","background-repeat":"repeat","background-position":"center center","background-size":"auto","background-attachment":"scroll","background-type":"","background-media":"","overlay-type":"","overlay-color":"","overlay-gradient":""}},"ast-content-background-meta":{"desktop":{"background-color":"var(--ast-global-color-5)","background-image":"","background-repeat":"repeat","background-position":"center center","background-size":"auto","background-attachment":"scroll","background-type":"","background-media":"","overlay-type":"","overlay-color":"","overlay-gradient":""},"tablet":{"background-color":"var(--ast-global-color-5)","background-image":"","background-repeat":"repeat","background-position":"center center","background-size":"auto","background-attachment":"scroll","background-type":"","background-media":"","overlay-type":"","overlay-color":"","overlay-gradient":""},"mobile":{"background-color":"var(--ast-global-color-5)","background-image":"","background-repeat":"repeat","background-position":"center center","background-size":"auto","background-attachment":"scroll","background-type":"","background-media":"","overlay-type":"","overlay-color":"","overlay-gradient":""}}},"product_cat":[86],"product_tag":[71,91,101,102,56,61,60],"jetpack_sharing_enabled":true,"_links":{"self":[{"href":"https:\/\/manoslibresvillegas.com\/index.php\/wp-json\/wp\/v2\/product\/291"}],"collection":[{"href":"https:\/\/manoslibresvillegas.com\/index.php\/wp-json\/wp\/v2\/product"}],"about":[{"href":"https:\/\/manoslibresvillegas.com\/index.php\/wp-json\/wp\/v2\/types\/product"}],"replies":[{"embeddable":true,"href":"https:\/\/manoslibresvillegas.com\/index.php\/wp-json\/wp\/v2\/comments?post=291"}],"wp:featuredmedia":[{"embeddable":true,"href":"https:\/\/manoslibresvillegas.com\/index.php\/wp-json\/wp\/v2\/media\/293"}],"wp:attachment":[{"href":"https:\/\/manoslibresvillegas.com\/index.php\/wp-json\/wp\/v2\/media?parent=291"}],"wp:term":[{"taxonomy":"product_cat","embeddable":true,"href":"https:\/\/manoslibresvillegas.com\/index.php\/wp-json\/wp\/v2\/product_cat?post=291"},{"taxonomy":"product_tag","embeddable":true,"href":"https:\/\/manoslibresvillegas.com\/index.php\/wp-json\/wp\/v2\/product_tag?post=291"}],"curies":[{"name":"wp","href":"https:\/\/api.w.org\/{rel}","templated":true}]}}