{"id":301,"date":"2024-04-23T12:03:49","date_gmt":"2024-04-23T15:03:49","guid":{"rendered":"https:\/\/manoslibresvillegas.com\/?post_type=product&#038;p=301"},"modified":"2024-04-23T12:03:49","modified_gmt":"2024-04-23T15:03:49","slug":"microfono-con-cable-suelto-sin-caja","status":"publish","type":"product","link":"https:\/\/manoslibresvillegas.com\/index.php\/product\/microfono-con-cable-suelto-sin-caja\/","title":{"rendered":"MICROFONO CON CABLE SUELTO (SIN CAJA)"},"content":{"rendered":"<p>Micr\u00f3fono din\u00e1mico con cable especial dise\u00f1ado para la interpretaci\u00f3n vocal<br \/>\nMicr\u00f3fono din\u00e1mico profesional, mejora efectivamente la fuente de sonido principal, un sonido m\u00e1s claro y m\u00e1s alto<br \/>\nProtector de cabeza de malla met\u00e1lica para protecci\u00f3n contra golpes<br \/>\nDise\u00f1o de interruptor ON \/ OFF en el micr\u00f3fono, comodidad de uso<br \/>\nCon cable de conexi\u00f3n, sin necesidad de bater\u00eda, f\u00e1cil de usar<br \/>\nUna excelente opci\u00f3n para la interpretaci\u00f3n vocal, adecuada para karaoke, espect\u00e1culos al aire libre, conferencias y otras ocasiones<\/p>\n<p>\u2022 Karaoke<br \/>\n\u2022 Fiestas<br \/>\n\u2022 Conferencias<br \/>\n\u2022 Charlas<br \/>\n\u2022 Interpretaci\u00f3n profesional de Canciones<br \/>\n\u2022 Modelo: M-6900<br \/>\n\u2022 Material: aleaci\u00f3n de zinc<br \/>\n\u2022 Interfaz: 6.35mm<br \/>\n\u2022 Tama\u00f1o: Aprox. 17.5 x 4.5 cm \/ 6.89 x 1.77 pulgadas<br \/>\n\u2022 Longitud del cable: aproximadamente 1,5 Metros<\/p>\n","protected":false},"excerpt":{"rendered":"<p>Micr\u00f3fono din\u00e1mico con cable especial dise\u00f1ado para la interpretaci\u00f3n vocal Micr\u00f3fono din\u00e1mico profesional, mejora efectivamente la fuente de sonido principal, un sonido m\u00e1s claro y m\u00e1s alto Protector de cabeza de malla met\u00e1lica para protecci\u00f3n contra golpes Dise\u00f1o de interruptor ON \/ OFF en el micr\u00f3fono, comodidad de uso Con cable de conexi\u00f3n, sin necesidad &hellip;<\/p>\n<p class=\"read-more\"> <a class=\"\" href=\"https:\/\/manoslibresvillegas.com\/index.php\/product\/microfono-con-cable-suelto-sin-caja\/\"> <span class=\"screen-reader-text\">MICROFONO CON CABLE SUELTO (SIN CAJA)<\/span> Leer m\u00e1s &raquo;<\/a><\/p>\n","protected":false},"featured_media":305,"comment_status":"open","ping_status":"closed","template":"","meta":{"site-sidebar-layout":"default","site-content-layout":"","ast-site-content-layout":"default","site-content-style":"default","site-sidebar-style":"default","ast-global-header-display":"","ast-banner-title-visibility":"","ast-main-header-display":"","ast-hfb-above-header-display":"","ast-hfb-below-header-display":"","ast-hfb-mobile-header-display":"","site-post-title":"","ast-breadcrumbs-content":"","ast-featured-img":"","footer-sml-layout":"","theme-transparent-header-meta":"default","adv-header-id-meta":"","stick-header-meta":"","header-above-stick-meta":"","header-main-stick-meta":"","header-below-stick-meta":"","astra-migrate-meta-layouts":"set","ast-page-background-enabled":"default","ast-page-background-meta":{"desktop":{"background-color":"var(--ast-global-color-4)","background-image":"","background-repeat":"repeat","background-position":"center center","background-size":"auto","background-attachment":"scroll","background-type":"","background-media":"","overlay-type":"","overlay-color":"","overlay-gradient":""},"tablet":{"background-color":"","background-image":"","background-repeat":"repeat","background-position":"center center","background-size":"auto","background-attachment":"scroll","background-type":"","background-media":"","overlay-type":"","overlay-color":"","overlay-gradient":""},"mobile":{"background-color":"","background-image":"","background-repeat":"repeat","background-position":"center center","background-size":"auto","background-attachment":"scroll","background-type":"","background-media":"","overlay-type":"","overlay-color":"","overlay-gradient":""}},"ast-content-background-meta":{"desktop":{"background-color":"var(--ast-global-color-5)","background-image":"","background-repeat":"repeat","background-position":"center center","background-size":"auto","background-attachment":"scroll","background-type":"","background-media":"","overlay-type":"","overlay-color":"","overlay-gradient":""},"tablet":{"background-color":"var(--ast-global-color-5)","background-image":"","background-repeat":"repeat","background-position":"center center","background-size":"auto","background-attachment":"scroll","background-type":"","background-media":"","overlay-type":"","overlay-color":"","overlay-gradient":""},"mobile":{"background-color":"var(--ast-global-color-5)","background-image":"","background-repeat":"repeat","background-position":"center center","background-size":"auto","background-attachment":"scroll","background-type":"","background-media":"","overlay-type":"","overlay-color":"","overlay-gradient":""}}},"product_cat":[16],"product_tag":[110,108,109],"jetpack_sharing_enabled":true,"_links":{"self":[{"href":"https:\/\/manoslibresvillegas.com\/index.php\/wp-json\/wp\/v2\/product\/301"}],"collection":[{"href":"https:\/\/manoslibresvillegas.com\/index.php\/wp-json\/wp\/v2\/product"}],"about":[{"href":"https:\/\/manoslibresvillegas.com\/index.php\/wp-json\/wp\/v2\/types\/product"}],"replies":[{"embeddable":true,"href":"https:\/\/manoslibresvillegas.com\/index.php\/wp-json\/wp\/v2\/comments?post=301"}],"wp:featuredmedia":[{"embeddable":true,"href":"https:\/\/manoslibresvillegas.com\/index.php\/wp-json\/wp\/v2\/media\/305"}],"wp:attachment":[{"href":"https:\/\/manoslibresvillegas.com\/index.php\/wp-json\/wp\/v2\/media?parent=301"}],"wp:term":[{"taxonomy":"product_cat","embeddable":true,"href":"https:\/\/manoslibresvillegas.com\/index.php\/wp-json\/wp\/v2\/product_cat?post=301"},{"taxonomy":"product_tag","embeddable":true,"href":"https:\/\/manoslibresvillegas.com\/index.php\/wp-json\/wp\/v2\/product_tag?post=301"}],"curies":[{"name":"wp","href":"https:\/\/api.w.org\/{rel}","templated":true}]}}