{"id":61,"date":"2023-11-27T10:23:15","date_gmt":"2023-11-27T13:23:15","guid":{"rendered":"https:\/\/manoslibresvillegas.com\/?post_type=product&#038;p=61"},"modified":"2023-11-27T10:23:15","modified_gmt":"2023-11-27T13:23:15","slug":"auricular-jbl-x8","status":"publish","type":"product","link":"https:\/\/manoslibresvillegas.com\/index.php\/product\/auricular-jbl-x8\/","title":{"rendered":"AURICULAR JBL X8"},"content":{"rendered":"<p>\u2022 Marca: JBL AAA<br \/>\n\u2022 Modelo: X8<br \/>\n\u2022 Conexi\u00f3n Inal\u00e1mbrica de<br \/>\nBluetooth: 5.0<br \/>\n\u2022 Distancia de Conexi\u00f3n: Hasta 10 metros en un entorno accesible<br \/>\n\u2022 Capacidad de la Bater\u00eda de los<br \/>\nAud\u00edfonos: 40mAh<br \/>\no Capacidad de la Bater\u00eda de la<br \/>\nCaja de Carga: 300mAh<br \/>\n\u2022 Tiempo de carga de los aud\u00edfonos: Aproximadamente 1,5<br \/>\nhoras<\/p>\n","protected":false},"excerpt":{"rendered":"<p>\u2022 Marca: JBL AAA \u2022 Modelo: X8 \u2022 Conexi\u00f3n Inal\u00e1mbrica de Bluetooth: 5.0 \u2022 Distancia de Conexi\u00f3n: Hasta 10 metros en un entorno accesible \u2022 Capacidad de la Bater\u00eda de los Aud\u00edfonos: 40mAh o Capacidad de la Bater\u00eda de la Caja de Carga: 300mAh \u2022 Tiempo de carga de los aud\u00edfonos: Aproximadamente 1,5 horas<\/p>\n","protected":false},"featured_media":29,"comment_status":"open","ping_status":"closed","template":"","meta":{"site-sidebar-layout":"default","site-content-layout":"","ast-site-content-layout":"default","site-content-style":"default","site-sidebar-style":"default","ast-global-header-display":"","ast-banner-title-visibility":"","ast-main-header-display":"","ast-hfb-above-header-display":"","ast-hfb-below-header-display":"","ast-hfb-mobile-header-display":"","site-post-title":"","ast-breadcrumbs-content":"","ast-featured-img":"","footer-sml-layout":"","theme-transparent-header-meta":"default","adv-header-id-meta":"","stick-header-meta":"","header-above-stick-meta":"","header-main-stick-meta":"","header-below-stick-meta":"","astra-migrate-meta-layouts":"set","ast-page-background-enabled":"default","ast-page-background-meta":{"desktop":{"background-color":"var(--ast-global-color-4)","background-image":"","background-repeat":"repeat","background-position":"center center","background-size":"auto","background-attachment":"scroll","background-type":"","background-media":"","overlay-type":"","overlay-color":"","overlay-gradient":""},"tablet":{"background-color":"","background-image":"","background-repeat":"repeat","background-position":"center center","background-size":"auto","background-attachment":"scroll","background-type":"","background-media":"","overlay-type":"","overlay-color":"","overlay-gradient":""},"mobile":{"background-color":"","background-image":"","background-repeat":"repeat","background-position":"center center","background-size":"auto","background-attachment":"scroll","background-type":"","background-media":"","overlay-type":"","overlay-color":"","overlay-gradient":""}},"ast-content-background-meta":{"desktop":{"background-color":"var(--ast-global-color-5)","background-image":"","background-repeat":"repeat","background-position":"center center","background-size":"auto","background-attachment":"scroll","background-type":"","background-media":"","overlay-type":"","overlay-color":"","overlay-gradient":""},"tablet":{"background-color":"var(--ast-global-color-5)","background-image":"","background-repeat":"repeat","background-position":"center center","background-size":"auto","background-attachment":"scroll","background-type":"","background-media":"","overlay-type":"","overlay-color":"","overlay-gradient":""},"mobile":{"background-color":"var(--ast-global-color-5)","background-image":"","background-repeat":"repeat","background-position":"center center","background-size":"auto","background-attachment":"scroll","background-type":"","background-media":"","overlay-type":"","overlay-color":"","overlay-gradient":""}}},"product_cat":[19],"product_tag":[20,23,24],"jetpack_sharing_enabled":true,"_links":{"self":[{"href":"https:\/\/manoslibresvillegas.com\/index.php\/wp-json\/wp\/v2\/product\/61"}],"collection":[{"href":"https:\/\/manoslibresvillegas.com\/index.php\/wp-json\/wp\/v2\/product"}],"about":[{"href":"https:\/\/manoslibresvillegas.com\/index.php\/wp-json\/wp\/v2\/types\/product"}],"replies":[{"embeddable":true,"href":"https:\/\/manoslibresvillegas.com\/index.php\/wp-json\/wp\/v2\/comments?post=61"}],"wp:featuredmedia":[{"embeddable":true,"href":"https:\/\/manoslibresvillegas.com\/index.php\/wp-json\/wp\/v2\/media\/29"}],"wp:attachment":[{"href":"https:\/\/manoslibresvillegas.com\/index.php\/wp-json\/wp\/v2\/media?parent=61"}],"wp:term":[{"taxonomy":"product_cat","embeddable":true,"href":"https:\/\/manoslibresvillegas.com\/index.php\/wp-json\/wp\/v2\/product_cat?post=61"},{"taxonomy":"product_tag","embeddable":true,"href":"https:\/\/manoslibresvillegas.com\/index.php\/wp-json\/wp\/v2\/product_tag?post=61"}],"curies":[{"name":"wp","href":"https:\/\/api.w.org\/{rel}","templated":true}]}}