{"id":68,"date":"2023-11-27T11:10:31","date_gmt":"2023-11-27T14:10:31","guid":{"rendered":"https:\/\/manoslibresvillegas.com\/?post_type=product&#038;p=68"},"modified":"2023-11-27T11:10:31","modified_gmt":"2023-11-27T14:10:31","slug":"auricular-bluetooth-a-una-oreja","status":"publish","type":"product","link":"https:\/\/manoslibresvillegas.com\/index.php\/product\/auricular-bluetooth-a-una-oreja\/","title":{"rendered":"AURICULAR BLUETOOTH A UNA OREJA"},"content":{"rendered":"<p>Marca: REMAX<br \/>\nFunci\u00f3n: Contestar de Tel\u00e9fono,Bluetooth,Micr\u00f3fono,Funci\u00f3n de Conexi\u00f3n M\u00faltiple,Cancelaci\u00f3n de ruido,Conmutaci\u00f3n Canci\u00f3n,A prueba de sudor,Mensaje de voz,Control del volumen,Impenetrable<br \/>\nMaterial: ABS,ordenador personal,Silicona<\/p>\n","protected":false},"excerpt":{"rendered":"<p>Marca: REMAX Funci\u00f3n: Contestar de Tel\u00e9fono,Bluetooth,Micr\u00f3fono,Funci\u00f3n de Conexi\u00f3n M\u00faltiple,Cancelaci\u00f3n de ruido,Conmutaci\u00f3n Canci\u00f3n,A prueba de sudor,Mensaje de voz,Control del volumen,Impenetrable Material: ABS,ordenador personal,Silicona<\/p>\n","protected":false},"featured_media":69,"comment_status":"open","ping_status":"closed","template":"","meta":{"site-sidebar-layout":"default","site-content-layout":"","ast-site-content-layout":"default","site-content-style":"default","site-sidebar-style":"default","ast-global-header-display":"","ast-banner-title-visibility":"","ast-main-header-display":"","ast-hfb-above-header-display":"","ast-hfb-below-header-display":"","ast-hfb-mobile-header-display":"","site-post-title":"","ast-breadcrumbs-content":"","ast-featured-img":"","footer-sml-layout":"","theme-transparent-header-meta":"default","adv-header-id-meta":"","stick-header-meta":"","header-above-stick-meta":"","header-main-stick-meta":"","header-below-stick-meta":"","astra-migrate-meta-layouts":"set","ast-page-background-enabled":"default","ast-page-background-meta":{"desktop":{"background-color":"var(--ast-global-color-4)","background-image":"","background-repeat":"repeat","background-position":"center center","background-size":"auto","background-attachment":"scroll","background-type":"","background-media":"","overlay-type":"","overlay-color":"","overlay-gradient":""},"tablet":{"background-color":"","background-image":"","background-repeat":"repeat","background-position":"center center","background-size":"auto","background-attachment":"scroll","background-type":"","background-media":"","overlay-type":"","overlay-color":"","overlay-gradient":""},"mobile":{"background-color":"","background-image":"","background-repeat":"repeat","background-position":"center center","background-size":"auto","background-attachment":"scroll","background-type":"","background-media":"","overlay-type":"","overlay-color":"","overlay-gradient":""}},"ast-content-background-meta":{"desktop":{"background-color":"var(--ast-global-color-5)","background-image":"","background-repeat":"repeat","background-position":"center center","background-size":"auto","background-attachment":"scroll","background-type":"","background-media":"","overlay-type":"","overlay-color":"","overlay-gradient":""},"tablet":{"background-color":"var(--ast-global-color-5)","background-image":"","background-repeat":"repeat","background-position":"center center","background-size":"auto","background-attachment":"scroll","background-type":"","background-media":"","overlay-type":"","overlay-color":"","overlay-gradient":""},"mobile":{"background-color":"var(--ast-global-color-5)","background-image":"","background-repeat":"repeat","background-position":"center center","background-size":"auto","background-attachment":"scroll","background-type":"","background-media":"","overlay-type":"","overlay-color":"","overlay-gradient":""}}},"product_cat":[19],"product_tag":[20,31],"jetpack_sharing_enabled":true,"_links":{"self":[{"href":"https:\/\/manoslibresvillegas.com\/index.php\/wp-json\/wp\/v2\/product\/68"}],"collection":[{"href":"https:\/\/manoslibresvillegas.com\/index.php\/wp-json\/wp\/v2\/product"}],"about":[{"href":"https:\/\/manoslibresvillegas.com\/index.php\/wp-json\/wp\/v2\/types\/product"}],"replies":[{"embeddable":true,"href":"https:\/\/manoslibresvillegas.com\/index.php\/wp-json\/wp\/v2\/comments?post=68"}],"wp:featuredmedia":[{"embeddable":true,"href":"https:\/\/manoslibresvillegas.com\/index.php\/wp-json\/wp\/v2\/media\/69"}],"wp:attachment":[{"href":"https:\/\/manoslibresvillegas.com\/index.php\/wp-json\/wp\/v2\/media?parent=68"}],"wp:term":[{"taxonomy":"product_cat","embeddable":true,"href":"https:\/\/manoslibresvillegas.com\/index.php\/wp-json\/wp\/v2\/product_cat?post=68"},{"taxonomy":"product_tag","embeddable":true,"href":"https:\/\/manoslibresvillegas.com\/index.php\/wp-json\/wp\/v2\/product_tag?post=68"}],"curies":[{"name":"wp","href":"https:\/\/api.w.org\/{rel}","templated":true}]}}