{"id":71,"date":"2023-11-27T11:28:56","date_gmt":"2023-11-27T14:28:56","guid":{"rendered":"https:\/\/manoslibresvillegas.com\/?post_type=product&#038;p=71"},"modified":"2023-11-27T11:28:56","modified_gmt":"2023-11-27T14:28:56","slug":"auricular-bluetooth-cat-viv-23m","status":"publish","type":"product","link":"https:\/\/manoslibresvillegas.com\/index.php\/product\/auricular-bluetooth-cat-viv-23m\/","title":{"rendered":"AURICULAR BLUETOOTH CAT VIV-23M"},"content":{"rendered":"<div class=\"ui-pdp-container ui-pdp-container--top\">\n<div class=\"ui-pdp-container__row\">\n<div class=\"ui-pdp-container__col col-1 ui-vip-core-container--head\">\n<div class=\"ui-pdp-related-search\"><\/div>\n<\/div>\n<\/div>\n<\/div>\n<div class=\"ui-pdp-container ui-pdp-container--pdp\">\n<div id=\"ui-pdp-main-container\" class=\"ui-pdp-container__row ui-pdp-container__row--reverse ui-pdp--relative  pb-40\">\n<div class=\"ui-pdp-container__col col-2 ui-pdp-container--column-left pb-40\">\n<div class=\"ui-pdp-container__col col-1 ui-vip-core-container--content-left\">\n<section class=\"ui-recommendations-carousel-wrapper-ref\">\n<div class=\"ui-recommendations-carousel-snapped ui-pdp-carousel-snapped-up no-border\">\n<section id=\":rd:\" class=\"andes-carousel-snapped__container andes-carousel-snapped__container--content andes-carousel-snapped__container--with-controls andes-carousel-snapped__container--arrows-visible\" aria-label=\"Productos del vendedor\" aria-roledescription=\"Carrusel\">\n<div class=\"andes-carousel-snapped__controls-wrapper\">\n<div class=\"andes-carousel-snapped andes-carousel-snapped--scroll-hidden\">\n<div class=\"andes-carousel-snapped__wrapper\">\n<div class=\"andes-carousel-snapped__slide andes-carousel-snapped__slide--spacing-12\" role=\"group\" aria-label=\"19 de 25\" data-slider=\"18\">\n<div class=\"ui-recommendations-card ui-recommendations-card--horizontal\">\n<div class=\"ui-recommendations-card__content-and-hidden\">\n<div class=\"ui-recommendations-card__content\">\n<div class=\"ui-recommendations-card__price-block\">\n<div class=\"ui-recommendations-card__installments\"><span style=\"font-size: 16px;\">Sum\u00e9rgete en el mundo de la m\u00fasica con estos encantadores Auriculares Bluetooth Manos Libres con Orejas de Gatito. Dise\u00f1ados especialmente para los m\u00e1s peque\u00f1os, estos auriculares de colores y formato headset ofrecen una experiencia de audio inigualable. Gracias a su tecnolog\u00eda inal\u00e1mbrica Bluetooth 5, podr\u00e1s disfrutar de tus canciones favoritas sin preocuparte por cables enredados. Adem\u00e1s, su micr\u00f3fono incorporado te permite atender llamadas con total comodidad y mantener conversaciones claras. Su calidad de sonido y comodidad los hacen ideales para disfrutar de cualquier actividad multimedia.\u00a0<\/span><\/div>\n<\/div>\n<\/div>\n<\/div>\n<\/div>\n<\/div>\n<\/div>\n<\/div>\n<\/div>\n<\/section>\n<\/div>\n<\/section>\n<\/div>\n<\/div>\n<\/div>\n<\/div>\n","protected":false},"excerpt":{"rendered":"<p>Sum\u00e9rgete en el mundo de la m\u00fasica con estos encantadores Auriculares Bluetooth Manos Libres con Orejas de Gatito. Dise\u00f1ados especialmente para los m\u00e1s peque\u00f1os, estos auriculares de colores y formato headset ofrecen una experiencia de audio inigualable. Gracias a su tecnolog\u00eda inal\u00e1mbrica Bluetooth 5, podr\u00e1s disfrutar de tus canciones favoritas sin preocuparte por cables enredados. &hellip;<\/p>\n<p class=\"read-more\"> <a class=\"\" href=\"https:\/\/manoslibresvillegas.com\/index.php\/product\/auricular-bluetooth-cat-viv-23m\/\"> <span class=\"screen-reader-text\">AURICULAR BLUETOOTH CAT VIV-23M<\/span> Leer m\u00e1s &raquo;<\/a><\/p>\n","protected":false},"featured_media":72,"comment_status":"open","ping_status":"closed","template":"","meta":{"site-sidebar-layout":"default","site-content-layout":"","ast-site-content-layout":"default","site-content-style":"default","site-sidebar-style":"default","ast-global-header-display":"","ast-banner-title-visibility":"","ast-main-header-display":"","ast-hfb-above-header-display":"","ast-hfb-below-header-display":"","ast-hfb-mobile-header-display":"","site-post-title":"","ast-breadcrumbs-content":"","ast-featured-img":"","footer-sml-layout":"","theme-transparent-header-meta":"default","adv-header-id-meta":"","stick-header-meta":"","header-above-stick-meta":"","header-main-stick-meta":"","header-below-stick-meta":"","astra-migrate-meta-layouts":"set","ast-page-background-enabled":"default","ast-page-background-meta":{"desktop":{"background-color":"var(--ast-global-color-4)","background-image":"","background-repeat":"repeat","background-position":"center center","background-size":"auto","background-attachment":"scroll","background-type":"","background-media":"","overlay-type":"","overlay-color":"","overlay-gradient":""},"tablet":{"background-color":"","background-image":"","background-repeat":"repeat","background-position":"center center","background-size":"auto","background-attachment":"scroll","background-type":"","background-media":"","overlay-type":"","overlay-color":"","overlay-gradient":""},"mobile":{"background-color":"","background-image":"","background-repeat":"repeat","background-position":"center center","background-size":"auto","background-attachment":"scroll","background-type":"","background-media":"","overlay-type":"","overlay-color":"","overlay-gradient":""}},"ast-content-background-meta":{"desktop":{"background-color":"var(--ast-global-color-5)","background-image":"","background-repeat":"repeat","background-position":"center center","background-size":"auto","background-attachment":"scroll","background-type":"","background-media":"","overlay-type":"","overlay-color":"","overlay-gradient":""},"tablet":{"background-color":"var(--ast-global-color-5)","background-image":"","background-repeat":"repeat","background-position":"center center","background-size":"auto","background-attachment":"scroll","background-type":"","background-media":"","overlay-type":"","overlay-color":"","overlay-gradient":""},"mobile":{"background-color":"var(--ast-global-color-5)","background-image":"","background-repeat":"repeat","background-position":"center center","background-size":"auto","background-attachment":"scroll","background-type":"","background-media":"","overlay-type":"","overlay-color":"","overlay-gradient":""}}},"product_cat":[19],"product_tag":[20,33,32,30],"jetpack_sharing_enabled":true,"_links":{"self":[{"href":"https:\/\/manoslibresvillegas.com\/index.php\/wp-json\/wp\/v2\/product\/71"}],"collection":[{"href":"https:\/\/manoslibresvillegas.com\/index.php\/wp-json\/wp\/v2\/product"}],"about":[{"href":"https:\/\/manoslibresvillegas.com\/index.php\/wp-json\/wp\/v2\/types\/product"}],"replies":[{"embeddable":true,"href":"https:\/\/manoslibresvillegas.com\/index.php\/wp-json\/wp\/v2\/comments?post=71"}],"wp:featuredmedia":[{"embeddable":true,"href":"https:\/\/manoslibresvillegas.com\/index.php\/wp-json\/wp\/v2\/media\/72"}],"wp:attachment":[{"href":"https:\/\/manoslibresvillegas.com\/index.php\/wp-json\/wp\/v2\/media?parent=71"}],"wp:term":[{"taxonomy":"product_cat","embeddable":true,"href":"https:\/\/manoslibresvillegas.com\/index.php\/wp-json\/wp\/v2\/product_cat?post=71"},{"taxonomy":"product_tag","embeddable":true,"href":"https:\/\/manoslibresvillegas.com\/index.php\/wp-json\/wp\/v2\/product_tag?post=71"}],"curies":[{"name":"wp","href":"https:\/\/api.w.org\/{rel}","templated":true}]}}