{"id":79,"date":"2023-11-27T11:57:26","date_gmt":"2023-11-27T14:57:26","guid":{"rendered":"https:\/\/manoslibresvillegas.com\/?post_type=product&#038;p=79"},"modified":"2023-11-27T11:57:26","modified_gmt":"2023-11-27T14:57:26","slug":"auricular-p47","status":"publish","type":"product","link":"https:\/\/manoslibresvillegas.com\/index.php\/product\/auricular-p47\/","title":{"rendered":"AURICULAR P47"},"content":{"rendered":"<p>\u00b7 Funciones: Radio + SD + Bluetooth<br \/>\n\u00b7 Distancia m\u00e1xima de Bluetooth: 10mts.<br \/>\n\u00b7 Entrada jack<br \/>\n\u00b7 Tecnolog\u00eda de reducci\u00f3n de ruido: DPS procesador de se\u00f1al digital<br \/>\n\u00b7 Tiempo de carga: 2 horas<br \/>\n\u00b7 Tiempo de reproducci\u00f3n por Bluetooth: hasta 6 horas (dependiendo nivel de volumen y tipo de audio reproducido)<br \/>\n\u00b7 Tiempo de Stand By: hasta 15 horas<br \/>\n\u00b7 Resistencia: 32 ohms<br \/>\n\u00b7 Sensibilidad: 88 Db<br \/>\n\u00b7 Frecuencia: 20Hz &#8211; 20KHz<br \/>\n\u00b7 Frecuencia de Bluetooth: 2.401 &#8211; 2.4835 Ghz.<br \/>\n\u00b7 Compatible con: tel\u00e9fonos celulares, consolas de video juegos, notebooks, tablets, mp3, TV, etc.<br \/>\n\u00b7 Estilo: Vincha Plegable.<\/p>\n","protected":false},"excerpt":{"rendered":"<p>\u00b7 Funciones: Radio + SD + Bluetooth \u00b7 Distancia m\u00e1xima de Bluetooth: 10mts. \u00b7 Entrada jack \u00b7 Tecnolog\u00eda de reducci\u00f3n de ruido: DPS procesador de se\u00f1al digital \u00b7 Tiempo de carga: 2 horas \u00b7 Tiempo de reproducci\u00f3n por Bluetooth: hasta 6 horas (dependiendo nivel de volumen y tipo de audio reproducido) \u00b7 Tiempo de Stand &hellip;<\/p>\n<p class=\"read-more\"> <a class=\"\" href=\"https:\/\/manoslibresvillegas.com\/index.php\/product\/auricular-p47\/\"> <span class=\"screen-reader-text\">AURICULAR P47<\/span> Leer m\u00e1s &raquo;<\/a><\/p>\n","protected":false},"featured_media":80,"comment_status":"open","ping_status":"closed","template":"","meta":{"site-sidebar-layout":"default","site-content-layout":"","ast-site-content-layout":"default","site-content-style":"default","site-sidebar-style":"default","ast-global-header-display":"","ast-banner-title-visibility":"","ast-main-header-display":"","ast-hfb-above-header-display":"","ast-hfb-below-header-display":"","ast-hfb-mobile-header-display":"","site-post-title":"","ast-breadcrumbs-content":"","ast-featured-img":"","footer-sml-layout":"","theme-transparent-header-meta":"default","adv-header-id-meta":"","stick-header-meta":"","header-above-stick-meta":"","header-main-stick-meta":"","header-below-stick-meta":"","astra-migrate-meta-layouts":"set","ast-page-background-enabled":"default","ast-page-background-meta":{"desktop":{"background-color":"var(--ast-global-color-4)","background-image":"","background-repeat":"repeat","background-position":"center center","background-size":"auto","background-attachment":"scroll","background-type":"","background-media":"","overlay-type":"","overlay-color":"","overlay-gradient":""},"tablet":{"background-color":"","background-image":"","background-repeat":"repeat","background-position":"center center","background-size":"auto","background-attachment":"scroll","background-type":"","background-media":"","overlay-type":"","overlay-color":"","overlay-gradient":""},"mobile":{"background-color":"","background-image":"","background-repeat":"repeat","background-position":"center center","background-size":"auto","background-attachment":"scroll","background-type":"","background-media":"","overlay-type":"","overlay-color":"","overlay-gradient":""}},"ast-content-background-meta":{"desktop":{"background-color":"var(--ast-global-color-5)","background-image":"","background-repeat":"repeat","background-position":"center center","background-size":"auto","background-attachment":"scroll","background-type":"","background-media":"","overlay-type":"","overlay-color":"","overlay-gradient":""},"tablet":{"background-color":"var(--ast-global-color-5)","background-image":"","background-repeat":"repeat","background-position":"center center","background-size":"auto","background-attachment":"scroll","background-type":"","background-media":"","overlay-type":"","overlay-color":"","overlay-gradient":""},"mobile":{"background-color":"var(--ast-global-color-5)","background-image":"","background-repeat":"repeat","background-position":"center center","background-size":"auto","background-attachment":"scroll","background-type":"","background-media":"","overlay-type":"","overlay-color":"","overlay-gradient":""}}},"product_cat":[19],"product_tag":[21,37,38],"jetpack_sharing_enabled":true,"_links":{"self":[{"href":"https:\/\/manoslibresvillegas.com\/index.php\/wp-json\/wp\/v2\/product\/79"}],"collection":[{"href":"https:\/\/manoslibresvillegas.com\/index.php\/wp-json\/wp\/v2\/product"}],"about":[{"href":"https:\/\/manoslibresvillegas.com\/index.php\/wp-json\/wp\/v2\/types\/product"}],"replies":[{"embeddable":true,"href":"https:\/\/manoslibresvillegas.com\/index.php\/wp-json\/wp\/v2\/comments?post=79"}],"wp:featuredmedia":[{"embeddable":true,"href":"https:\/\/manoslibresvillegas.com\/index.php\/wp-json\/wp\/v2\/media\/80"}],"wp:attachment":[{"href":"https:\/\/manoslibresvillegas.com\/index.php\/wp-json\/wp\/v2\/media?parent=79"}],"wp:term":[{"taxonomy":"product_cat","embeddable":true,"href":"https:\/\/manoslibresvillegas.com\/index.php\/wp-json\/wp\/v2\/product_cat?post=79"},{"taxonomy":"product_tag","embeddable":true,"href":"https:\/\/manoslibresvillegas.com\/index.php\/wp-json\/wp\/v2\/product_tag?post=79"}],"curies":[{"name":"wp","href":"https:\/\/api.w.org\/{rel}","templated":true}]}}