{"id":94,"date":"2023-11-27T17:04:23","date_gmt":"2023-11-27T20:04:23","guid":{"rendered":"https:\/\/manoslibresvillegas.com\/?post_type=product&#038;p=94"},"modified":"2023-11-27T17:04:23","modified_gmt":"2023-11-27T20:04:23","slug":"auricular-foxbox-boost-run","status":"publish","type":"product","link":"https:\/\/manoslibresvillegas.com\/index.php\/product\/auricular-foxbox-boost-run\/","title":{"rendered":"AURICULAR FOXBOX BOOST RUN"},"content":{"rendered":"<p>Dise\u00f1o ergon\u00f3mico y confort para usos deportivos.<br \/>\nSonido est\u00e9reo de gran calidad (TWS).<br \/>\nBT 5.0 para una conexi\u00f3n de gran velocidad y estabilidad , 10 mts de alcance.<br \/>\nPerfil bluetooth de distribuci\u00f3n de audio avanzado (A2DP).<br \/>\nFrecuencia BT: 2,402GHz \u2013 2,48GHz.<br \/>\nSensitividad del micr\u00f3fono: -42dB\u00b13dB.<br \/>\nFrecuencia de respuesta: 40Hz-20KHz.<br \/>\nSistema t\u00e1ctil para reproducci\u00f3n y llamadas manos libre.<br \/>\n5 hrs de uso sin recargar su bater\u00eda.<br \/>\nPodes usarlos en modo run o separados. \u00a1Como vos quieras!.<\/p>\n","protected":false},"excerpt":{"rendered":"<p>Dise\u00f1o ergon\u00f3mico y confort para usos deportivos. Sonido est\u00e9reo de gran calidad (TWS). BT 5.0 para una conexi\u00f3n de gran velocidad y estabilidad , 10 mts de alcance. Perfil bluetooth de distribuci\u00f3n de audio avanzado (A2DP). Frecuencia BT: 2,402GHz \u2013 2,48GHz. Sensitividad del micr\u00f3fono: -42dB\u00b13dB. Frecuencia de respuesta: 40Hz-20KHz. Sistema t\u00e1ctil para reproducci\u00f3n y llamadas &hellip;<\/p>\n<p class=\"read-more\"> <a class=\"\" href=\"https:\/\/manoslibresvillegas.com\/index.php\/product\/auricular-foxbox-boost-run\/\"> <span class=\"screen-reader-text\">AURICULAR FOXBOX BOOST RUN<\/span> Leer m\u00e1s &raquo;<\/a><\/p>\n","protected":false},"featured_media":96,"comment_status":"open","ping_status":"closed","template":"","meta":{"site-sidebar-layout":"default","site-content-layout":"","ast-site-content-layout":"default","site-content-style":"default","site-sidebar-style":"default","ast-global-header-display":"","ast-banner-title-visibility":"","ast-main-header-display":"","ast-hfb-above-header-display":"","ast-hfb-below-header-display":"","ast-hfb-mobile-header-display":"","site-post-title":"","ast-breadcrumbs-content":"","ast-featured-img":"","footer-sml-layout":"","theme-transparent-header-meta":"default","adv-header-id-meta":"","stick-header-meta":"","header-above-stick-meta":"","header-main-stick-meta":"","header-below-stick-meta":"","astra-migrate-meta-layouts":"set","ast-page-background-enabled":"default","ast-page-background-meta":{"desktop":{"background-color":"var(--ast-global-color-4)","background-image":"","background-repeat":"repeat","background-position":"center center","background-size":"auto","background-attachment":"scroll","background-type":"","background-media":"","overlay-type":"","overlay-color":"","overlay-gradient":""},"tablet":{"background-color":"","background-image":"","background-repeat":"repeat","background-position":"center center","background-size":"auto","background-attachment":"scroll","background-type":"","background-media":"","overlay-type":"","overlay-color":"","overlay-gradient":""},"mobile":{"background-color":"","background-image":"","background-repeat":"repeat","background-position":"center center","background-size":"auto","background-attachment":"scroll","background-type":"","background-media":"","overlay-type":"","overlay-color":"","overlay-gradient":""}},"ast-content-background-meta":{"desktop":{"background-color":"var(--ast-global-color-5)","background-image":"","background-repeat":"repeat","background-position":"center center","background-size":"auto","background-attachment":"scroll","background-type":"","background-media":"","overlay-type":"","overlay-color":"","overlay-gradient":""},"tablet":{"background-color":"var(--ast-global-color-5)","background-image":"","background-repeat":"repeat","background-position":"center center","background-size":"auto","background-attachment":"scroll","background-type":"","background-media":"","overlay-type":"","overlay-color":"","overlay-gradient":""},"mobile":{"background-color":"var(--ast-global-color-5)","background-image":"","background-repeat":"repeat","background-position":"center center","background-size":"auto","background-attachment":"scroll","background-type":"","background-media":"","overlay-type":"","overlay-color":"","overlay-gradient":""}}},"product_cat":[19],"product_tag":[21],"jetpack_sharing_enabled":true,"_links":{"self":[{"href":"https:\/\/manoslibresvillegas.com\/index.php\/wp-json\/wp\/v2\/product\/94"}],"collection":[{"href":"https:\/\/manoslibresvillegas.com\/index.php\/wp-json\/wp\/v2\/product"}],"about":[{"href":"https:\/\/manoslibresvillegas.com\/index.php\/wp-json\/wp\/v2\/types\/product"}],"replies":[{"embeddable":true,"href":"https:\/\/manoslibresvillegas.com\/index.php\/wp-json\/wp\/v2\/comments?post=94"}],"wp:featuredmedia":[{"embeddable":true,"href":"https:\/\/manoslibresvillegas.com\/index.php\/wp-json\/wp\/v2\/media\/96"}],"wp:attachment":[{"href":"https:\/\/manoslibresvillegas.com\/index.php\/wp-json\/wp\/v2\/media?parent=94"}],"wp:term":[{"taxonomy":"product_cat","embeddable":true,"href":"https:\/\/manoslibresvillegas.com\/index.php\/wp-json\/wp\/v2\/product_cat?post=94"},{"taxonomy":"product_tag","embeddable":true,"href":"https:\/\/manoslibresvillegas.com\/index.php\/wp-json\/wp\/v2\/product_tag?post=94"}],"curies":[{"name":"wp","href":"https:\/\/api.w.org\/{rel}","templated":true}]}}