{"id":99,"date":"2023-11-27T17:49:30","date_gmt":"2023-11-27T20:49:30","guid":{"rendered":"https:\/\/manoslibresvillegas.com\/?post_type=product&#038;p=99"},"modified":"2023-11-27T17:49:30","modified_gmt":"2023-11-27T20:49:30","slug":"auricular-foxbox-boost-sense","status":"publish","type":"product","link":"https:\/\/manoslibresvillegas.com\/index.php\/product\/auricular-foxbox-boost-sense\/","title":{"rendered":"AURICULAR FOXBOX BOOST SENSE"},"content":{"rendered":"<p>&#8211; Bater\u00eda de alta duraci\u00f3n &#8211; Tiempo de reproducci\u00f3n: 4\/6 Hs &#8211; Capacidad de la bater\u00eda del auricular: 3.7V\/30mAh &#8211; Capacidad de la bater\u00eda de la caja de carga: 3.7V\/ 300 mAh &#8211; Tiempo de carga: 1 Hs. &#8211; Versi\u00f3n Bluetooth: 5.0 &#8211; Soporte bluetooth: HSP \/ HFP \/A2DP \/ AVRCP &#8211; Potencia de entrada: 5V &#8211; Rango de respuesta de frecuencia: 20-20000Hz<\/p>\n","protected":false},"excerpt":{"rendered":"<p>&#8211; Bater\u00eda de alta duraci\u00f3n &#8211; Tiempo de reproducci\u00f3n: 4\/6 Hs &#8211; Capacidad de la bater\u00eda del auricular: 3.7V\/30mAh &#8211; Capacidad de la bater\u00eda de la caja de carga: 3.7V\/ 300 mAh &#8211; Tiempo de carga: 1 Hs. &#8211; Versi\u00f3n Bluetooth: 5.0 &#8211; Soporte bluetooth: HSP \/ HFP \/A2DP \/ AVRCP &#8211; Potencia de entrada: &hellip;<\/p>\n<p class=\"read-more\"> <a class=\"\" href=\"https:\/\/manoslibresvillegas.com\/index.php\/product\/auricular-foxbox-boost-sense\/\"> <span class=\"screen-reader-text\">AURICULAR FOXBOX BOOST SENSE<\/span> Leer m\u00e1s &raquo;<\/a><\/p>\n","protected":false},"featured_media":100,"comment_status":"open","ping_status":"closed","template":"","meta":{"site-sidebar-layout":"default","site-content-layout":"","ast-site-content-layout":"default","site-content-style":"default","site-sidebar-style":"default","ast-global-header-display":"","ast-banner-title-visibility":"","ast-main-header-display":"","ast-hfb-above-header-display":"","ast-hfb-below-header-display":"","ast-hfb-mobile-header-display":"","site-post-title":"","ast-breadcrumbs-content":"","ast-featured-img":"","footer-sml-layout":"","theme-transparent-header-meta":"default","adv-header-id-meta":"","stick-header-meta":"","header-above-stick-meta":"","header-main-stick-meta":"","header-below-stick-meta":"","astra-migrate-meta-layouts":"set","ast-page-background-enabled":"default","ast-page-background-meta":{"desktop":{"background-color":"var(--ast-global-color-4)","background-image":"","background-repeat":"repeat","background-position":"center center","background-size":"auto","background-attachment":"scroll","background-type":"","background-media":"","overlay-type":"","overlay-color":"","overlay-gradient":""},"tablet":{"background-color":"","background-image":"","background-repeat":"repeat","background-position":"center center","background-size":"auto","background-attachment":"scroll","background-type":"","background-media":"","overlay-type":"","overlay-color":"","overlay-gradient":""},"mobile":{"background-color":"","background-image":"","background-repeat":"repeat","background-position":"center center","background-size":"auto","background-attachment":"scroll","background-type":"","background-media":"","overlay-type":"","overlay-color":"","overlay-gradient":""}},"ast-content-background-meta":{"desktop":{"background-color":"var(--ast-global-color-5)","background-image":"","background-repeat":"repeat","background-position":"center center","background-size":"auto","background-attachment":"scroll","background-type":"","background-media":"","overlay-type":"","overlay-color":"","overlay-gradient":""},"tablet":{"background-color":"var(--ast-global-color-5)","background-image":"","background-repeat":"repeat","background-position":"center center","background-size":"auto","background-attachment":"scroll","background-type":"","background-media":"","overlay-type":"","overlay-color":"","overlay-gradient":""},"mobile":{"background-color":"var(--ast-global-color-5)","background-image":"","background-repeat":"repeat","background-position":"center center","background-size":"auto","background-attachment":"scroll","background-type":"","background-media":"","overlay-type":"","overlay-color":"","overlay-gradient":""}}},"product_cat":[19],"product_tag":[21,39],"jetpack_sharing_enabled":true,"_links":{"self":[{"href":"https:\/\/manoslibresvillegas.com\/index.php\/wp-json\/wp\/v2\/product\/99"}],"collection":[{"href":"https:\/\/manoslibresvillegas.com\/index.php\/wp-json\/wp\/v2\/product"}],"about":[{"href":"https:\/\/manoslibresvillegas.com\/index.php\/wp-json\/wp\/v2\/types\/product"}],"replies":[{"embeddable":true,"href":"https:\/\/manoslibresvillegas.com\/index.php\/wp-json\/wp\/v2\/comments?post=99"}],"wp:featuredmedia":[{"embeddable":true,"href":"https:\/\/manoslibresvillegas.com\/index.php\/wp-json\/wp\/v2\/media\/100"}],"wp:attachment":[{"href":"https:\/\/manoslibresvillegas.com\/index.php\/wp-json\/wp\/v2\/media?parent=99"}],"wp:term":[{"taxonomy":"product_cat","embeddable":true,"href":"https:\/\/manoslibresvillegas.com\/index.php\/wp-json\/wp\/v2\/product_cat?post=99"},{"taxonomy":"product_tag","embeddable":true,"href":"https:\/\/manoslibresvillegas.com\/index.php\/wp-json\/wp\/v2\/product_tag?post=99"}],"curies":[{"name":"wp","href":"https:\/\/api.w.org\/{rel}","templated":true}]}}